{"id":12024,"date":"2022-10-10T18:33:22","date_gmt":"2023-04-15T02:04:07","guid":{"rendered":"https:\/\/elasaro.com\/product\/schwarzer-offener-perlenring-mit-sterlingsilber-verstellbares-band\/"},"modified":"2023-08-09T12:38:07","modified_gmt":"2023-08-09T12:38:07","slug":"schwarzer-offener-perlenring-mit-sterlingsilber-verstellbares-band","status":"publish","type":"product","link":"https:\/\/elasaro.com\/de\/produkt\/schwarzer-offener-perlenring-mit-sterlingsilber-verstellbares-band\/","title":{"rendered":"Schwarzer Runder Flacher Offener Perlenring mit Sterling Silber &#8211; Verstellbares Band"},"content":{"rendered":"<p>Verbessern Sie Ihren Stil mit diesem offenen Perlenring aus Sterlingsilber. Es wiegt 3.10gr und hat eine sch\u00f6ne 7~8 x 6,5~7mm runde flache Perle. Dieser Ring ist in den Gr\u00f6\u00dfen 50 bis 56 erh\u00e4ltlich, und sein offenes Design erm\u00f6glicht Anpassungen f\u00fcr eine perfekte Passform.<\/p>\n<p>Er kombiniert ein originelles minimalistisches, aber auch auff\u00e4lliges Design. Er ist ein Statement-St\u00fcck, das zu allem passt, egal ob Sie ihn zur eleganten Abendgarderobe oder zu s\u00fc\u00dfen Sommerkleidern tragen.<\/p>\n<p>Wussten Sie, dass Experten glauben, dass die schwarze Perle F\u00fclle und Gl\u00fcck in das Leben des Tr\u00e4gers bringt? Au\u00dferdem sch\u00fctzt er sie auch vor Missgeschicken und Unf\u00e4llen. Abgesehen von Aussehen, wird es segnen Sie mit vielen Eigenschaften.<\/p>\n<p>Holen Sie sich Ihren noch heute! Sie k\u00f6nnen ihn auch mit einem Armband, einer Halskette oder Ohrringen aus unserer Perlenkollektion kombinieren.<\/p>\n","protected":false},"excerpt":{"rendered":"<p>Verbessern Sie Ihren Stil mit diesem offenen Perlenring aus Sterlingsilber. Es wiegt 3.10gr und hat eine sch\u00f6ne 7~8 x 6,5~7mm runde flache Perle. Dieser Ring ist in den Gr\u00f6\u00dfen 50 bis 56 erh\u00e4ltlich, und sein offenes Design erm\u00f6glicht Anpassungen f\u00fcr eine perfekte Passform. Er kombiniert ein originelles minimalistisches, aber auch auff\u00e4lliges Design. Er ist ein&#8230;<\/p>\n","protected":false},"featured_media":7308,"template":"","meta":{"rank_math_lock_modified_date":false},"product_cat":[115,260,176],"product_tag":[],"class_list":{"0":"post-12024","1":"product","2":"type-product","3":"status-publish","4":"has-post-thumbnail","6":"product_cat-edelstein-ringe","7":"product_cat-elasaro-favoriten","8":"product_cat-perlenschmuck-mit-perlen","10":"first","11":"instock","12":"shipping-taxable","13":"purchasable","14":"product-type-variable","15":"has-default-attributes"},"_links":{"self":[{"href":"https:\/\/elasaro.com\/de\/wp-json\/wp\/v2\/product\/12024","targetHints":{"allow":["GET"]}}],"collection":[{"href":"https:\/\/elasaro.com\/de\/wp-json\/wp\/v2\/product"}],"about":[{"href":"https:\/\/elasaro.com\/de\/wp-json\/wp\/v2\/types\/product"}],"wp:featuredmedia":[{"embeddable":true,"href":"https:\/\/elasaro.com\/de\/wp-json\/wp\/v2\/media\/7308"}],"wp:attachment":[{"href":"https:\/\/elasaro.com\/de\/wp-json\/wp\/v2\/media?parent=12024"}],"wp:term":[{"taxonomy":"product_cat","embeddable":true,"href":"https:\/\/elasaro.com\/de\/wp-json\/wp\/v2\/product_cat?post=12024"},{"taxonomy":"product_tag","embeddable":true,"href":"https:\/\/elasaro.com\/de\/wp-json\/wp\/v2\/product_tag?post=12024"}],"curies":[{"name":"wp","href":"https:\/\/api.w.org\/{rel}","templated":true}]}}