{"id":12032,"date":"2022-10-10T20:08:09","date_gmt":"2023-04-15T02:11:00","guid":{"rendered":"https:\/\/elasaro.com\/product\/pfirsich-perle-ring-mit-sterling-silber\/"},"modified":"2023-08-09T12:33:39","modified_gmt":"2023-08-09T12:33:39","slug":"pfirsich-perle-ring-mit-sterling-silber","status":"publish","type":"product","link":"https:\/\/elasaro.com\/de\/produkt\/pfirsich-perle-ring-mit-sterling-silber\/","title":{"rendered":"Pfirsich Runde Flache Perle Ring mit Sterling Silber"},"content":{"rendered":"<p>Sind Sie auf der Suche nach einem minimalistischen und dennoch wundersch\u00f6nen Ring? Wir haben das perfekte Angebot f\u00fcr Sie! Dieser sch\u00f6ne Perlenring wiegt 1,45 g und enth\u00e4lt eine 4,5 bis 4 mm gro\u00dfe Pfirsichperle. Er ist in 3 Gr\u00f6\u00dfen erh\u00e4ltlich: 50, 54 und 56.<\/p>\n<p>Dies ist einer dieser unaufdringlich sch\u00f6nen Ringe, die zu allem passen! Sie k\u00f6nnen einen niedlichen, femininen Look kreieren, ihn zu einem legeren Outfit tragen oder sich auch f\u00fcr ein stilvolles Outfit entscheiden.<\/p>\n<p>Abgesehen vom Aussehen k\u00f6nnen Perlen Ihnen viele Vorteile bieten. Sie k\u00f6nnen das Selbstvertrauen st\u00e4rken, das Ged\u00e4chtnis verbessern und die Intelligenz steigern.<\/p>\n<p>Dieser Ring ist ein Muss f\u00fcr jede Schmuckschatulle! Erg\u00e4nzen Sie es mit einem Armband, einer Halskette oder Ohrringen aus unserer Kollektion.<\/p>\n","protected":false},"excerpt":{"rendered":"<p>Sind Sie auf der Suche nach einem minimalistischen und dennoch wundersch\u00f6nen Ring? Wir haben das perfekte Angebot f\u00fcr Sie! Dieser sch\u00f6ne Perlenring wiegt 1,45 g und enth\u00e4lt eine 4,5 bis 4 mm gro\u00dfe Pfirsichperle. Er ist in 3 Gr\u00f6\u00dfen erh\u00e4ltlich: 50, 54 und 56. Dies ist einer dieser unaufdringlich sch\u00f6nen Ringe, die zu allem passen!&#8230;<\/p>\n","protected":false},"featured_media":7338,"template":"","meta":{"rank_math_lock_modified_date":false},"product_cat":[115,260,176],"product_tag":[],"class_list":{"0":"post-12032","1":"product","2":"type-product","3":"status-publish","4":"has-post-thumbnail","6":"product_cat-edelstein-ringe","7":"product_cat-elasaro-favoriten","8":"product_cat-perlenschmuck-mit-perlen","10":"first","11":"instock","12":"shipping-taxable","13":"purchasable","14":"product-type-variable","15":"has-default-attributes"},"_links":{"self":[{"href":"https:\/\/elasaro.com\/de\/wp-json\/wp\/v2\/product\/12032","targetHints":{"allow":["GET"]}}],"collection":[{"href":"https:\/\/elasaro.com\/de\/wp-json\/wp\/v2\/product"}],"about":[{"href":"https:\/\/elasaro.com\/de\/wp-json\/wp\/v2\/types\/product"}],"wp:featuredmedia":[{"embeddable":true,"href":"https:\/\/elasaro.com\/de\/wp-json\/wp\/v2\/media\/7338"}],"wp:attachment":[{"href":"https:\/\/elasaro.com\/de\/wp-json\/wp\/v2\/media?parent=12032"}],"wp:term":[{"taxonomy":"product_cat","embeddable":true,"href":"https:\/\/elasaro.com\/de\/wp-json\/wp\/v2\/product_cat?post=12032"},{"taxonomy":"product_tag","embeddable":true,"href":"https:\/\/elasaro.com\/de\/wp-json\/wp\/v2\/product_tag?post=12032"}],"curies":[{"name":"wp","href":"https:\/\/api.w.org\/{rel}","templated":true}]}}