{"id":12036,"date":"2022-10-10T20:51:57","date_gmt":"2023-04-15T02:16:57","guid":{"rendered":"https:\/\/elasaro.com\/product\/weisser-rund-anhaenger-mutter-perlen-muschel-perlen-sterling-silber-armreifen\/"},"modified":"2023-08-09T12:25:33","modified_gmt":"2023-08-09T12:25:33","slug":"weiser-rund-anhanger-mutter-perlen-muschel-perlen-sterling-silber-armreifen","status":"publish","type":"product","link":"https:\/\/elasaro.com\/de\/produkt\/weiser-rund-anhanger-mutter-perlen-muschel-perlen-sterling-silber-armreifen\/","title":{"rendered":"Wei\u00dfe Runde Perlmutt Muschel Perlen Baumeln Ohrringe mit Sterling Silber"},"content":{"rendered":"<p>Wir lieben diese minimalistischen und eleganten Perlmutt-Ohrringe. Sie sind aus Sterlingsilber gefertigt und haben 12 mm gro\u00dfe Perlen. Sie messen 32&#215;12 mm und wiegen nur 6,37 g. Der Hebelverschluss verhindert, dass die Ohrringe herunterfallen.<\/p>\n<p>Wo kann man diese sch\u00f6nen Ohrringe tragen? Wir empfehlen, sie mit Abendkleidern in Schwarz- und Wei\u00dft\u00f6nen zu kombinieren. Achten Sie darauf, dass Sie mit diesen Ohrringen einen minimalistischen Look w\u00e4hlen. Vervollst\u00e4ndigen Sie den Look mit einer passenden Halskette und einem Armband von Elasaro.<\/p>\n<p>Die Perle steht f\u00fcr Weisheit, Mut und Glauben. Er ist ein Stein der Reinheit, der auch die Selbstakzeptanz f\u00f6rdert, St\u00e4rke in der Situation und Loyalit\u00e4t gegen\u00fcber einer Sache bringt.<\/p>\n<p>Die sollten Sie in Ihrem Schmuckk\u00e4stchen haben! Sichern Sie sich also Ihr Exemplar, solange es verf\u00fcgbar ist.<\/p>\n","protected":false},"excerpt":{"rendered":"<p>Wir lieben diese minimalistischen und eleganten Perlmutt-Ohrringe. Sie sind aus Sterlingsilber gefertigt und haben 12 mm gro\u00dfe Perlen. Sie messen 32&#215;12 mm und wiegen nur 6,37 g. Der Hebelverschluss verhindert, dass die Ohrringe herunterfallen. Wo kann man diese sch\u00f6nen Ohrringe tragen? Wir empfehlen, sie mit Abendkleidern in Schwarz- und Wei\u00dft\u00f6nen zu kombinieren. Achten Sie darauf,&#8230;<\/p>\n","protected":false},"featured_media":7947,"template":"","meta":{"rank_math_lock_modified_date":false},"product_cat":[100,296],"product_tag":[],"class_list":{"0":"post-12036","1":"product","2":"type-product","3":"status-publish","4":"has-post-thumbnail","6":"product_cat-edelstein-ohrringe","7":"product_cat-perlmutt-schmuck","9":"first","10":"instock","11":"shipping-taxable","12":"purchasable","13":"product-type-simple"},"_links":{"self":[{"href":"https:\/\/elasaro.com\/de\/wp-json\/wp\/v2\/product\/12036","targetHints":{"allow":["GET"]}}],"collection":[{"href":"https:\/\/elasaro.com\/de\/wp-json\/wp\/v2\/product"}],"about":[{"href":"https:\/\/elasaro.com\/de\/wp-json\/wp\/v2\/types\/product"}],"wp:featuredmedia":[{"embeddable":true,"href":"https:\/\/elasaro.com\/de\/wp-json\/wp\/v2\/media\/7947"}],"wp:attachment":[{"href":"https:\/\/elasaro.com\/de\/wp-json\/wp\/v2\/media?parent=12036"}],"wp:term":[{"taxonomy":"product_cat","embeddable":true,"href":"https:\/\/elasaro.com\/de\/wp-json\/wp\/v2\/product_cat?post=12036"},{"taxonomy":"product_tag","embeddable":true,"href":"https:\/\/elasaro.com\/de\/wp-json\/wp\/v2\/product_tag?post=12036"}],"curies":[{"name":"wp","href":"https:\/\/api.w.org\/{rel}","templated":true}]}}