{"id":12066,"date":"2022-10-10T23:02:38","date_gmt":"2023-04-15T03:02:31","guid":{"rendered":"https:\/\/elasaro.com\/product\/graues-asymmetrisches-ovales-perlenarmband-sterling-silber\/"},"modified":"2023-08-09T12:19:56","modified_gmt":"2023-08-09T12:19:56","slug":"graues-asymmetrisches-ovales-perlenarmband-sterling-silber","status":"publish","type":"product","link":"https:\/\/elasaro.com\/de\/produkt\/graues-asymmetrisches-ovales-perlenarmband-sterling-silber\/","title":{"rendered":"Graues Asymmetrisches Ovales Perlenarmband mit Sterling Silber"},"content":{"rendered":"<p>Verleihen Sie Ihrem Auftritt einen Hauch von Eleganz mit unserem sch\u00f6nen silbergrauen Perlenarmband. Sie hat 8-9mmx7-8mm asymmetrische ovale Perlen und wiegt 17gr. Sie ist 17,5 cm lang und hat zus\u00e4tzlich eine 4 cm lange verstellbare Sterlingsilberkette. Der robuste Karabinerverschluss sorgt daf\u00fcr, dass sie den ganzen Tag \u00fcber sicher am Handgelenk bleibt.<\/p>\n<p>Es ist ein schlichtes und stilvolles St\u00fcck, das zu stilvoller Abendgarderobe umwerfend aussehen wird. Vermeiden Sie es, andere Armb\u00e4nder an der Hand zu tragen, da dies den Charme dieses Armbands zerst\u00f6ren k\u00f6nnte.<\/p>\n<p>Perlen k\u00f6nnen Ihnen unglaubliche k\u00f6rperliche, geistige und metaphysische Eigenschaften verleihen. Perlen stehen f\u00fcr Glamour und Anmut und k\u00f6nnen bei ihrer Tr\u00e4gerin ein Gef\u00fchl von Harmonie und Synergie hervorrufen.<\/p>\n<p>Lege dieses Armband in dein Schmuckk\u00e4stchen, damit du gl\u00e4nzen kannst, wenn deine Zeit gekommen ist! Sie k\u00f6nnen den Look auch mit einer passenden Perlenkette, Ohrringen oder einem Ring aus unserer Kollektion vervollst\u00e4ndigen.<\/p>\n","protected":false},"excerpt":{"rendered":"<p>Verleihen Sie Ihrem Auftritt einen Hauch von Eleganz mit unserem sch\u00f6nen silbergrauen Perlenarmband. Sie hat 8-9mmx7-8mm asymmetrische ovale Perlen und wiegt 17gr. Sie ist 17,5 cm lang und hat zus\u00e4tzlich eine 4 cm lange verstellbare Sterlingsilberkette. Der robuste Karabinerverschluss sorgt daf\u00fcr, dass sie den ganzen Tag \u00fcber sicher am Handgelenk bleibt. Es ist ein schlichtes&#8230;<\/p>\n","protected":false},"featured_media":7286,"template":"","meta":{"rank_math_lock_modified_date":false},"product_cat":[96,176],"product_tag":[],"class_list":{"0":"post-12066","1":"product","2":"type-product","3":"status-publish","4":"has-post-thumbnail","6":"product_cat-edelstein-armband","7":"product_cat-perlenschmuck-mit-perlen","9":"first","10":"instock","11":"shipping-taxable","12":"purchasable","13":"product-type-simple"},"_links":{"self":[{"href":"https:\/\/elasaro.com\/de\/wp-json\/wp\/v2\/product\/12066","targetHints":{"allow":["GET"]}}],"collection":[{"href":"https:\/\/elasaro.com\/de\/wp-json\/wp\/v2\/product"}],"about":[{"href":"https:\/\/elasaro.com\/de\/wp-json\/wp\/v2\/types\/product"}],"wp:featuredmedia":[{"embeddable":true,"href":"https:\/\/elasaro.com\/de\/wp-json\/wp\/v2\/media\/7286"}],"wp:attachment":[{"href":"https:\/\/elasaro.com\/de\/wp-json\/wp\/v2\/media?parent=12066"}],"wp:term":[{"taxonomy":"product_cat","embeddable":true,"href":"https:\/\/elasaro.com\/de\/wp-json\/wp\/v2\/product_cat?post=12066"},{"taxonomy":"product_tag","embeddable":true,"href":"https:\/\/elasaro.com\/de\/wp-json\/wp\/v2\/product_tag?post=12066"}],"curies":[{"name":"wp","href":"https:\/\/api.w.org\/{rel}","templated":true}]}}