{"id":12067,"date":"2022-10-15T16:38:03","date_gmt":"2023-04-15T03:05:03","guid":{"rendered":"https:\/\/elasaro.com\/product\/weisse-asymmetrische-runde-perlenkette-sterling-silber\/"},"modified":"2023-08-09T12:16:56","modified_gmt":"2023-08-09T12:16:56","slug":"weise-asymmetrische-runde-perlenkette-sterling-silber","status":"publish","type":"product","link":"https:\/\/elasaro.com\/de\/produkt\/weise-asymmetrische-runde-perlenkette-sterling-silber\/","title":{"rendered":"Wei\u00dfe asymmetrische runde Perlenkette Mit Sterling Silber"},"content":{"rendered":"<p>Wenn Sie auf der Suche nach einem eleganten und schicken Schmuckst\u00fcck sind, das Sie auffallen l\u00e4sst, ist diese wei\u00dfe Perlenkette genau das Richtige f\u00fcr Sie! Sie ist 42 cm lang mit einer verstellbaren 4 cm langen Sterlingsilberkette und verf\u00fcgt \u00fcber einzigartige 12-13 mm gro\u00dfe runde asymmetrische Perlen. Das macht jede Halskette zu einem Unikat. Der Karabinerverschluss sorgt f\u00fcr einen sicheren Halt, damit Sie sich keine Sorgen machen m\u00fcssen.<\/p>\n<p>Sie k\u00f6nnen diese atemberaubende Halskette zu Ihrer Abendgarderobe tragen und bei Ihrem Date, einer Hochzeit oder einem anderen besonderen Anlass die Blicke auf sich ziehen. Bei dunkleren Farben und dezentem Make-up kommen die Perlen besonders gut zur Geltung. Au\u00dferdem haben sie im Licht einen einzigartigen Glanz mit unterschiedlichen Schattierungen. Wir empfehlen Ihnen, den Look mit passenden Ohrringen und einem Armband aus unserer Perlenkollektion zu vervollst\u00e4ndigen.<\/p>\n<p>Abgesehen vom Aussehen sind Perlen auch f\u00fcr ihre bemerkenswerten Eigenschaften bekannt. Sie bescheren Ihnen \u00dcberfluss, Ruhe und Wohlstand. <\/p>\n<p>Jede Frau muss ein einzigartiges Schmuckst\u00fcck haben, das sie zu besonderen Anl\u00e4ssen tr\u00e4gt! Diese Halskette ist die perfekte Wahl.<\/p>\n","protected":false},"excerpt":{"rendered":"<p>Wenn Sie auf der Suche nach einem eleganten und schicken Schmuckst\u00fcck sind, das Sie auffallen l\u00e4sst, ist diese wei\u00dfe Perlenkette genau das Richtige f\u00fcr Sie! Sie ist 42 cm lang mit einer verstellbaren 4 cm langen Sterlingsilberkette und verf\u00fcgt \u00fcber einzigartige 12-13 mm gro\u00dfe runde asymmetrische Perlen. Das macht jede Halskette zu einem Unikat. Der&#8230;<\/p>\n","protected":false},"featured_media":8000,"template":"","meta":{"rank_math_lock_modified_date":false},"product_cat":[104,260,176],"product_tag":[],"class_list":{"0":"post-12067","1":"product","2":"type-product","3":"status-publish","4":"has-post-thumbnail","6":"product_cat-edelstein-kette","7":"product_cat-elasaro-favoriten","8":"product_cat-perlenschmuck-mit-perlen","10":"first","11":"outofstock","12":"shipping-taxable","13":"purchasable","14":"product-type-simple"},"_links":{"self":[{"href":"https:\/\/elasaro.com\/de\/wp-json\/wp\/v2\/product\/12067","targetHints":{"allow":["GET"]}}],"collection":[{"href":"https:\/\/elasaro.com\/de\/wp-json\/wp\/v2\/product"}],"about":[{"href":"https:\/\/elasaro.com\/de\/wp-json\/wp\/v2\/types\/product"}],"wp:featuredmedia":[{"embeddable":true,"href":"https:\/\/elasaro.com\/de\/wp-json\/wp\/v2\/media\/8000"}],"wp:attachment":[{"href":"https:\/\/elasaro.com\/de\/wp-json\/wp\/v2\/media?parent=12067"}],"wp:term":[{"taxonomy":"product_cat","embeddable":true,"href":"https:\/\/elasaro.com\/de\/wp-json\/wp\/v2\/product_cat?post=12067"},{"taxonomy":"product_tag","embeddable":true,"href":"https:\/\/elasaro.com\/de\/wp-json\/wp\/v2\/product_tag?post=12067"}],"curies":[{"name":"wp","href":"https:\/\/api.w.org\/{rel}","templated":true}]}}