{"id":13176,"date":"2023-02-17T22:30:53","date_gmt":"2023-08-02T10:50:02","guid":{"rendered":"https:\/\/elasaro.com\/product\/gruener-runder-flacher-jade-anhaenger-halskette-sterling-silber\/"},"modified":"2023-08-08T14:32:33","modified_gmt":"2023-08-08T14:32:33","slug":"gruner-runder-flacher-jade-anhanger-halskette-sterling-silber","status":"publish","type":"product","link":"https:\/\/elasaro.com\/de\/produkt\/gruner-runder-flacher-jade-anhanger-halskette-sterling-silber\/","title":{"rendered":"Gr\u00fcner Runder Flacher Jade Anh\u00e4nger Halskette Mit Sterling Silber"},"content":{"rendered":"<p>Beschreibung folgt in K\u00fcrze<\/p>\n","protected":false},"excerpt":{"rendered":"<p>Beschreibung folgt in K\u00fcrze<\/p>\n","protected":false},"featured_media":8393,"template":"","meta":{"rank_math_lock_modified_date":false},"product_cat":[104,167],"product_tag":[],"class_list":{"0":"post-13176","1":"product","2":"type-product","3":"status-publish","4":"has-post-thumbnail","6":"product_cat-edelstein-kette","7":"product_cat-jade-schmuck","9":"first","10":"instock","11":"shipping-taxable","12":"purchasable","13":"product-type-variable","14":"has-default-attributes"},"_links":{"self":[{"href":"https:\/\/elasaro.com\/de\/wp-json\/wp\/v2\/product\/13176","targetHints":{"allow":["GET"]}}],"collection":[{"href":"https:\/\/elasaro.com\/de\/wp-json\/wp\/v2\/product"}],"about":[{"href":"https:\/\/elasaro.com\/de\/wp-json\/wp\/v2\/types\/product"}],"wp:featuredmedia":[{"embeddable":true,"href":"https:\/\/elasaro.com\/de\/wp-json\/wp\/v2\/media\/8393"}],"wp:attachment":[{"href":"https:\/\/elasaro.com\/de\/wp-json\/wp\/v2\/media?parent=13176"}],"wp:term":[{"taxonomy":"product_cat","embeddable":true,"href":"https:\/\/elasaro.com\/de\/wp-json\/wp\/v2\/product_cat?post=13176"},{"taxonomy":"product_tag","embeddable":true,"href":"https:\/\/elasaro.com\/de\/wp-json\/wp\/v2\/product_tag?post=13176"}],"curies":[{"name":"wp","href":"https:\/\/api.w.org\/{rel}","templated":true}]}}