{"id":13193,"date":"2023-02-16T04:13:27","date_gmt":"2023-08-02T11:03:34","guid":{"rendered":"https:\/\/elasaro.com\/product\/weisse-asymmetrische-ovale-perlenfaedler-ohrringe-sterling-silber\/"},"modified":"2023-08-09T09:10:51","modified_gmt":"2023-08-09T09:10:51","slug":"weise-asymmetrische-ovale-perlenfadler-ohrringe-sterling-silber","status":"publish","type":"product","link":"https:\/\/elasaro.com\/de\/produkt\/weise-asymmetrische-ovale-perlenfadler-ohrringe-sterling-silber\/","title":{"rendered":"Wei\u00dfe Asymmetrische Ovale Perlenf\u00e4dler Ohrringe Mit Sterling Silber"},"content":{"rendered":"<p>Beschreibung folgt in K\u00fcrze<\/p>\n","protected":false},"excerpt":{"rendered":"<p>Beschreibung folgt in K\u00fcrze<\/p>\n","protected":false},"featured_media":7969,"template":"","meta":{"rank_math_lock_modified_date":false},"product_cat":[100,260,176],"product_tag":[],"class_list":{"0":"post-13193","1":"product","2":"type-product","3":"status-publish","4":"has-post-thumbnail","6":"product_cat-edelstein-ohrringe","7":"product_cat-elasaro-favoriten","8":"product_cat-perlenschmuck-mit-perlen","10":"first","11":"instock","12":"shipping-taxable","13":"purchasable","14":"product-type-simple"},"_links":{"self":[{"href":"https:\/\/elasaro.com\/de\/wp-json\/wp\/v2\/product\/13193","targetHints":{"allow":["GET"]}}],"collection":[{"href":"https:\/\/elasaro.com\/de\/wp-json\/wp\/v2\/product"}],"about":[{"href":"https:\/\/elasaro.com\/de\/wp-json\/wp\/v2\/types\/product"}],"wp:featuredmedia":[{"embeddable":true,"href":"https:\/\/elasaro.com\/de\/wp-json\/wp\/v2\/media\/7969"}],"wp:attachment":[{"href":"https:\/\/elasaro.com\/de\/wp-json\/wp\/v2\/media?parent=13193"}],"wp:term":[{"taxonomy":"product_cat","embeddable":true,"href":"https:\/\/elasaro.com\/de\/wp-json\/wp\/v2\/product_cat?post=13193"},{"taxonomy":"product_tag","embeddable":true,"href":"https:\/\/elasaro.com\/de\/wp-json\/wp\/v2\/product_tag?post=13193"}],"curies":[{"name":"wp","href":"https:\/\/api.w.org\/{rel}","templated":true}]}}