{"id":13341,"date":"2022-10-16T14:14:20","date_gmt":"2023-08-03T19:32:46","guid":{"rendered":"https:\/\/elasaro.com\/product\/weisser-rund-perlmutt-anhaenger-halskette-sterling-silber\/"},"modified":"2023-08-09T12:03:27","modified_gmt":"2023-08-09T12:03:27","slug":"weiser-rund-perlmutt-anhanger-halskette-sterling-silber","status":"publish","type":"product","link":"https:\/\/elasaro.com\/de\/produkt\/weiser-rund-perlmutt-anhanger-halskette-sterling-silber\/","title":{"rendered":"Wei\u00dfer Rund Perlmutt Anh\u00e4nger Halskette Mit Sterling Silber"},"content":{"rendered":"<p>Beschreibung folgt in K\u00fcrze<\/p>\n","protected":false},"excerpt":{"rendered":"<p>Beschreibung folgt in K\u00fcrze<\/p>\n","protected":false},"featured_media":7917,"template":"","meta":{"rank_math_lock_modified_date":false},"product_cat":[104,296],"product_tag":[],"class_list":{"0":"post-13341","1":"product","2":"type-product","3":"status-publish","4":"has-post-thumbnail","6":"product_cat-edelstein-kette","7":"product_cat-perlmutt-schmuck","9":"first","10":"instock","11":"shipping-taxable","12":"purchasable","13":"product-type-variable","14":"has-default-attributes"},"_links":{"self":[{"href":"https:\/\/elasaro.com\/de\/wp-json\/wp\/v2\/product\/13341","targetHints":{"allow":["GET"]}}],"collection":[{"href":"https:\/\/elasaro.com\/de\/wp-json\/wp\/v2\/product"}],"about":[{"href":"https:\/\/elasaro.com\/de\/wp-json\/wp\/v2\/types\/product"}],"wp:featuredmedia":[{"embeddable":true,"href":"https:\/\/elasaro.com\/de\/wp-json\/wp\/v2\/media\/7917"}],"wp:attachment":[{"href":"https:\/\/elasaro.com\/de\/wp-json\/wp\/v2\/media?parent=13341"}],"wp:term":[{"taxonomy":"product_cat","embeddable":true,"href":"https:\/\/elasaro.com\/de\/wp-json\/wp\/v2\/product_cat?post=13341"},{"taxonomy":"product_tag","embeddable":true,"href":"https:\/\/elasaro.com\/de\/wp-json\/wp\/v2\/product_tag?post=13341"}],"curies":[{"name":"wp","href":"https:\/\/api.w.org\/{rel}","templated":true}]}}