{"id":8520,"date":"2023-01-21T23:58:30","date_gmt":"2023-02-21T07:16:24","guid":{"rendered":"https:\/\/elasaro.com\/product\/gruen-rund-flach-aventurin-anhaenger-halskette-sterling-silber\/"},"modified":"2023-08-09T11:20:02","modified_gmt":"2023-08-09T11:20:02","slug":"grun-rund-flach-aventurin-anhanger-halskette-sterling-silber","status":"publish","type":"product","link":"https:\/\/elasaro.com\/de\/produkt\/grun-rund-flach-aventurin-anhanger-halskette-sterling-silber\/","title":{"rendered":"Gr\u00fcner Runder Flacher Aventurin Anh\u00e4nger Halskette Mit Sterling Silber"},"content":{"rendered":"<p>Produktbeschreibung folgt in K\u00fcrze!<\/p>\n","protected":false},"excerpt":{"rendered":"<p>Produktbeschreibung folgt in K\u00fcrze!<\/p>\n","protected":false},"featured_media":6081,"template":"","meta":{"rank_math_lock_modified_date":false},"product_cat":[162,104,260],"product_tag":[],"class_list":{"0":"post-8520","1":"product","2":"type-product","3":"status-publish","4":"has-post-thumbnail","6":"product_cat-aventurin-schmuck","7":"product_cat-edelstein-kette","8":"product_cat-elasaro-favoriten","10":"first","11":"outofstock","12":"shipping-taxable","13":"purchasable","14":"product-type-variable","15":"has-default-attributes"},"_links":{"self":[{"href":"https:\/\/elasaro.com\/de\/wp-json\/wp\/v2\/product\/8520","targetHints":{"allow":["GET"]}}],"collection":[{"href":"https:\/\/elasaro.com\/de\/wp-json\/wp\/v2\/product"}],"about":[{"href":"https:\/\/elasaro.com\/de\/wp-json\/wp\/v2\/types\/product"}],"wp:featuredmedia":[{"embeddable":true,"href":"https:\/\/elasaro.com\/de\/wp-json\/wp\/v2\/media\/6081"}],"wp:attachment":[{"href":"https:\/\/elasaro.com\/de\/wp-json\/wp\/v2\/media?parent=8520"}],"wp:term":[{"taxonomy":"product_cat","embeddable":true,"href":"https:\/\/elasaro.com\/de\/wp-json\/wp\/v2\/product_cat?post=8520"},{"taxonomy":"product_tag","embeddable":true,"href":"https:\/\/elasaro.com\/de\/wp-json\/wp\/v2\/product_tag?post=8520"}],"curies":[{"name":"wp","href":"https:\/\/api.w.org\/{rel}","templated":true}]}}