{"id":8523,"date":"2023-01-21T18:16:17","date_gmt":"2023-02-21T07:16:25","guid":{"rendered":"https:\/\/elasaro.com\/product\/pastell-rosa-rund-facettiert-rhodonit-baumel-tropfen-ohrringe-sterling-silber\/"},"modified":"2023-08-09T11:30:00","modified_gmt":"2023-08-09T11:30:00","slug":"pastell-rosa-rund-facettiert-rhodonit-baumel-tropfen-ohrringe-sterling-silber","status":"publish","type":"product","link":"https:\/\/elasaro.com\/de\/produkt\/pastell-rosa-rund-facettiert-rhodonit-baumel-tropfen-ohrringe-sterling-silber\/","title":{"rendered":"Pastellrosa Runde Facettierte Rhodonit Tropfen Ohrringe mit Sterling Silber"},"content":{"rendered":"<p>Wir lieben das Design unserer 3-stufigen Ohrh\u00e4nger und Tropfen, das mit Rhodoniten besonders gut aussieht. Diese Ohrringe sind aus Sterlingsilber gefertigt und bestehen aus 3 runden, facettierten Rhodonit-Steinen. Sie messen 48x6cm, wiegen aber nur 3,2gr und sind sehr angenehm zu tragen. Wir haben uns f\u00fcr den Hebelverschluss entschieden, damit sie immer sicher an ihrem Platz bleiben.<\/p>\n<p>Durch die sch\u00f6ne pastellrosa Farbe der Steine fallen diese Ohrringe auf und werden schnell zu einem Gespr\u00e4chsanlass. Sie verleiht jedem Outfit einen Hauch von Farbe und Weiblichkeit und kann sowohl zu zwanglosen Anl\u00e4ssen als auch zu besonderen Veranstaltungen getragen werden. Sie sind stilvoll, ohne \u00fcbertrieben zu sein.<\/p>\n<p>Rhodonit wird mit Mitgef\u00fchl und Vergebung assoziiert, was ihn zu einem der besten Edelsteine macht, die man tragen kann, um von emotionalen Verletzungen zu heilen. Das Tragen dieses Schmucks ist eine gro\u00dfartige M\u00f6glichkeit, diese emotionalen Heilkr\u00e4fte zu nutzen und dabei auch noch fabelhaft auszusehen.<\/p>\n<p>Es ist an der Zeit, sich etwas zu g\u00f6nnen! Vervollst\u00e4ndigen Sie das Set mit einer Rhodonit-Halskette und einem Rhodonit-Armband.<\/p>\n","protected":false},"excerpt":{"rendered":"<p>Wir lieben das Design unserer 3-stufigen Ohrh\u00e4nger und Tropfen, das mit Rhodoniten besonders gut aussieht. Diese Ohrringe sind aus Sterlingsilber gefertigt und bestehen aus 3 runden, facettierten Rhodonit-Steinen. Sie messen 48x6cm, wiegen aber nur 3,2gr und sind sehr angenehm zu tragen. Wir haben uns f\u00fcr den Hebelverschluss entschieden, damit sie immer sicher an ihrem Platz&#8230;<\/p>\n","protected":false},"featured_media":12010,"template":"","meta":{"rank_math_lock_modified_date":false},"product_cat":[100,260,179],"product_tag":[],"class_list":{"0":"post-8523","1":"product","2":"type-product","3":"status-publish","4":"has-post-thumbnail","6":"product_cat-edelstein-ohrringe","7":"product_cat-elasaro-favoriten","8":"product_cat-rhodonit-schmuck","10":"first","11":"instock","12":"shipping-taxable","13":"purchasable","14":"product-type-simple"},"_links":{"self":[{"href":"https:\/\/elasaro.com\/de\/wp-json\/wp\/v2\/product\/8523","targetHints":{"allow":["GET"]}}],"collection":[{"href":"https:\/\/elasaro.com\/de\/wp-json\/wp\/v2\/product"}],"about":[{"href":"https:\/\/elasaro.com\/de\/wp-json\/wp\/v2\/types\/product"}],"wp:featuredmedia":[{"embeddable":true,"href":"https:\/\/elasaro.com\/de\/wp-json\/wp\/v2\/media\/12010"}],"wp:attachment":[{"href":"https:\/\/elasaro.com\/de\/wp-json\/wp\/v2\/media?parent=8523"}],"wp:term":[{"taxonomy":"product_cat","embeddable":true,"href":"https:\/\/elasaro.com\/de\/wp-json\/wp\/v2\/product_cat?post=8523"},{"taxonomy":"product_tag","embeddable":true,"href":"https:\/\/elasaro.com\/de\/wp-json\/wp\/v2\/product_tag?post=8523"}],"curies":[{"name":"wp","href":"https:\/\/api.w.org\/{rel}","templated":true}]}}