{"id":8524,"date":"2023-01-21T14:41:38","date_gmt":"2023-02-21T07:17:14","guid":{"rendered":"https:\/\/elasaro.com\/product\/pastell-rosa-rund-facettiert-rhodonit-sterling-silber-sternenstaub-perlen-armband\/"},"modified":"2023-08-09T11:32:52","modified_gmt":"2023-08-09T11:32:52","slug":"pastell-rose-runde-facettierte-rhodonit-perlen-armband-sterling-silber","status":"publish","type":"product","link":"https:\/\/elasaro.com\/de\/produkt\/pastell-rose-runde-facettierte-rhodonit-perlen-armband-sterling-silber\/","title":{"rendered":"Pastell Rose Runde Facettierte Rhodonit Perlen Armband Mit Sterling Silber"},"content":{"rendered":"<p>Dieses wundersch\u00f6ne Armband besteht aus pastellfarbenen Rhodonitsteinen, denen wir Sterlingsilber-Sternstaubperlen und Perlenkappen hinzugef\u00fcgt haben. Es besteht aus 6 mm gro\u00dfen, runden, facettierten Rhodonitsteinen, wobei ein 8 mm gro\u00dfer Stein im Mittelpunkt des Armbands steht, umgeben von 5 mm gro\u00dfen, runden Silberperlen. Das Armband ist 15,5 cm lang und kann mit der 4 cm langen Verl\u00e4ngerungskette verstellt werden, um die perfekte Passform zu finden. Sie wiegt nur 9,43 g, und der Karabinerverschluss h\u00e4lt sie sicher an ihrem Platz.<\/p>\n<p>Mit diesem atemberaubenden Rhodonit-Armband k\u00f6nnen Sie einen Hauch von Weiblichkeit und Eleganz verleihen. Die zarten Pastellt\u00f6ne passen zu jedem Outfit, und die silbernen Sternenstaubperlen sorgen f\u00fcr einen Hauch von Vintage-Inspiration. Es ist die Art von Schmuck, die dem Gesamtbild einen Glanz verleiht.<\/p>\n<p>Der Rhodonit soll ein Stein der Liebe und des Mitgef\u00fchls sein, der emotionale Heilung und Ausgeglichenheit bringt. Es wird angenommen, dass es uns hilft, unser Herz zu \u00f6ffnen und uns emotional mit anderen zu verbinden, was es zu einem m\u00e4chtigen Verb\u00fcndeten f\u00fcr die Beziehungen zu uns selbst und zu denen, die uns wichtig sind, macht.<\/p>\n<p>Sie werden dieses Armband absolut lieben! Sie k\u00f6nnen es auch mit einer Halskette und einem Paar Ohrringen aus unserer Rhodonit-Kollektion erg\u00e4nzen.<\/p>\n","protected":false},"excerpt":{"rendered":"<p>Dieses wundersch\u00f6ne Armband besteht aus pastellfarbenen Rhodonitsteinen, denen wir Sterlingsilber-Sternstaubperlen und Perlenkappen hinzugef\u00fcgt haben. Es besteht aus 6 mm gro\u00dfen, runden, facettierten Rhodonitsteinen, wobei ein 8 mm gro\u00dfer Stein im Mittelpunkt des Armbands steht, umgeben von 5 mm gro\u00dfen, runden Silberperlen. Das Armband ist 15,5 cm lang und kann mit der 4 cm langen Verl\u00e4ngerungskette&#8230;<\/p>\n","protected":false},"featured_media":5999,"template":"","meta":{"rank_math_lock_modified_date":false},"product_cat":[96,260,179],"product_tag":[],"class_list":{"0":"post-8524","1":"product","2":"type-product","3":"status-publish","4":"has-post-thumbnail","6":"product_cat-edelstein-armband","7":"product_cat-elasaro-favoriten","8":"product_cat-rhodonit-schmuck","10":"first","11":"instock","12":"shipping-taxable","13":"purchasable","14":"product-type-simple"},"_links":{"self":[{"href":"https:\/\/elasaro.com\/de\/wp-json\/wp\/v2\/product\/8524","targetHints":{"allow":["GET"]}}],"collection":[{"href":"https:\/\/elasaro.com\/de\/wp-json\/wp\/v2\/product"}],"about":[{"href":"https:\/\/elasaro.com\/de\/wp-json\/wp\/v2\/types\/product"}],"wp:featuredmedia":[{"embeddable":true,"href":"https:\/\/elasaro.com\/de\/wp-json\/wp\/v2\/media\/5999"}],"wp:attachment":[{"href":"https:\/\/elasaro.com\/de\/wp-json\/wp\/v2\/media?parent=8524"}],"wp:term":[{"taxonomy":"product_cat","embeddable":true,"href":"https:\/\/elasaro.com\/de\/wp-json\/wp\/v2\/product_cat?post=8524"},{"taxonomy":"product_tag","embeddable":true,"href":"https:\/\/elasaro.com\/de\/wp-json\/wp\/v2\/product_tag?post=8524"}],"curies":[{"name":"wp","href":"https:\/\/api.w.org\/{rel}","templated":true}]}}