{"id":8525,"date":"2023-01-10T00:41:33","date_gmt":"2023-02-21T07:17:17","guid":{"rendered":"https:\/\/elasaro.com\/product\/pastell-rosa-rund-facettiert-rhodonit-lariat-sterling-silber-sternstaub-perlen-halskette\/"},"modified":"2023-08-10T11:06:22","modified_gmt":"2023-08-10T11:06:22","slug":"pastell-rose-runde-facettierte-rhodonit-lariat-halskette-sterling-silber","status":"publish","type":"product","link":"https:\/\/elasaro.com\/de\/produkt\/pastell-rose-runde-facettierte-rhodonit-lariat-halskette-sterling-silber\/","title":{"rendered":"Pastell Rose Runde Facettierte Rhodonit Lariat Halskette Mit Sterling Silber"},"content":{"rendered":"<p>Wir haben diese sch\u00f6ne Rhodonit-Halskette im Lariat-Stil zusammengestellt. Er ist mit 6 mm gro\u00dfen, runden, facettierten Rhodonitsteinen besetzt. Wir haben 5 mm Sterling Silber Sternenstaub Perlen und Kettenglieder auf dem Anh\u00e4nger Teil hinzugef\u00fcgt, um es einen Hauch mehr einzigartig zu machen. Die Halskette ist 47 cm lang und hat eine zus\u00e4tzliche verstellbare Kette von 4 cm. Die L\u00e4nge des Anh\u00e4ngers betr\u00e4gt 8 cm. Sie wiegt 29,78 g und ist mit einem Karabinerverschluss versehen, der sie fest an ihrem Platz h\u00e4lt.<\/p>\n<p>Pastellrosa Rhodonitsteine sind an sich schon sehr feminin. Die Kombination aus dem modernen Design der Y-Kette, den Rhodonit-Steinen und den funkelnden, silbernen Sternenstaub-Perlen ergibt eine auff\u00e4llige, atemberaubende Halskette. Seine Eleganz und Schlichtheit machen ihn mit verschiedenen Stilen und Farben kompatibel.<\/p>\n<p>Rhodonit soll f\u00fcr emotionales Gleichgewicht sorgen. Es f\u00f6rdert die mentale St\u00e4rke und sch\u00fctzt vor negativer Energie.<\/p>\n<p>Jede Frau braucht eine Lariat-Halskette in ihrer Schmuckschatulle, und dieses St\u00fcck ist eine gute Wahl. Sie k\u00f6nnen den Look auch mit einem Rhodonit-Armband oder einem Paar Ohrringe von Elasaro vervollst\u00e4ndigen.<\/p>\n","protected":false},"excerpt":{"rendered":"<p>Wir haben diese sch\u00f6ne Rhodonit-Halskette im Lariat-Stil zusammengestellt. Er ist mit 6 mm gro\u00dfen, runden, facettierten Rhodonitsteinen besetzt. Wir haben 5 mm Sterling Silber Sternenstaub Perlen und Kettenglieder auf dem Anh\u00e4nger Teil hinzugef\u00fcgt, um es einen Hauch mehr einzigartig zu machen. Die Halskette ist 47 cm lang und hat eine zus\u00e4tzliche verstellbare Kette von 4&#8230;<\/p>\n","protected":false},"featured_media":5645,"template":"","meta":{"rank_math_lock_modified_date":false},"product_cat":[104,260,179],"product_tag":[],"class_list":{"0":"post-8525","1":"product","2":"type-product","3":"status-publish","4":"has-post-thumbnail","6":"product_cat-edelstein-kette","7":"product_cat-elasaro-favoriten","8":"product_cat-rhodonit-schmuck","10":"first","11":"instock","12":"shipping-taxable","13":"purchasable","14":"product-type-simple"},"_links":{"self":[{"href":"https:\/\/elasaro.com\/de\/wp-json\/wp\/v2\/product\/8525","targetHints":{"allow":["GET"]}}],"collection":[{"href":"https:\/\/elasaro.com\/de\/wp-json\/wp\/v2\/product"}],"about":[{"href":"https:\/\/elasaro.com\/de\/wp-json\/wp\/v2\/types\/product"}],"wp:featuredmedia":[{"embeddable":true,"href":"https:\/\/elasaro.com\/de\/wp-json\/wp\/v2\/media\/5645"}],"wp:attachment":[{"href":"https:\/\/elasaro.com\/de\/wp-json\/wp\/v2\/media?parent=8525"}],"wp:term":[{"taxonomy":"product_cat","embeddable":true,"href":"https:\/\/elasaro.com\/de\/wp-json\/wp\/v2\/product_cat?post=8525"},{"taxonomy":"product_tag","embeddable":true,"href":"https:\/\/elasaro.com\/de\/wp-json\/wp\/v2\/product_tag?post=8525"}],"curies":[{"name":"wp","href":"https:\/\/api.w.org\/{rel}","templated":true}]}}