{"id":8526,"date":"2023-01-09T22:34:55","date_gmt":"2023-02-21T07:17:56","guid":{"rendered":"https:\/\/elasaro.com\/product\/blau-rund-flach-tuerkis-sterling-silber-verstellbarer-ring\/"},"modified":"2023-08-09T11:42:45","modified_gmt":"2023-08-09T11:42:45","slug":"blauer-runder-flacher-turkis-ring-sterling-silber-verstellbares-band","status":"publish","type":"product","link":"https:\/\/elasaro.com\/de\/produkt\/blauer-runder-flacher-turkis-ring-sterling-silber-verstellbares-band\/","title":{"rendered":"Blauer Runder Flacher T\u00fcrkis Ring Mit Sterling Silber &#8211; Verstellbares Band"},"content":{"rendered":"<p>Dieser wundersch\u00f6ne Ring besteht aus einem runden, flachen T\u00fcrkisstein, der auf einem minimalistischen Sterlingsilberband gefasst ist. Das Band ist verstellbar, so dass Sie die perfekte Passform finden und einfach die Finger wechseln k\u00f6nnen, wenn Sie m\u00f6chten. Der Ring wiegt 3,65 g.<\/p>\n<p>Sie ist m\u00fchelos einfach und elegant. Das blaue T\u00fcrkis passt gut zu den meisten Outfits und Farben. Sie k\u00f6nnen es sowohl zu l\u00e4ssigen als auch zu besonderen Anl\u00e4ssen tragen.<\/p>\n<p>T\u00fcrkis wird seit der Antike mit Gl\u00fcck in Verbindung gebracht, und man glaubt, dass seine heilenden Eigenschaften die k\u00f6rperliche Kraft f\u00f6rdern und vor negativer Energie sch\u00fctzen. Seine leuchtende Farbe bringt Freude in jedes Outfit, w\u00e4hrend seine beruhigende Energie Frieden und Positivit\u00e4t ausstrahlt.<\/p>\n<p>Holen Sie sich jetzt Ihren T\u00fcrkisring! Er sieht allein oder in Kombination mit anderem T\u00fcrkisschmuck aus unserer Kollektion gro\u00dfartig aus.<\/p>\n","protected":false},"excerpt":{"rendered":"<p>Dieser wundersch\u00f6ne Ring besteht aus einem runden, flachen T\u00fcrkisstein, der auf einem minimalistischen Sterlingsilberband gefasst ist. Das Band ist verstellbar, so dass Sie die perfekte Passform finden und einfach die Finger wechseln k\u00f6nnen, wenn Sie m\u00f6chten. Der Ring wiegt 3,65 g. Sie ist m\u00fchelos einfach und elegant. Das blaue T\u00fcrkis passt gut zu den meisten&#8230;<\/p>\n","protected":false},"featured_media":5624,"template":"","meta":{"rank_math_lock_modified_date":false},"product_cat":[115,186],"product_tag":[],"class_list":{"0":"post-8526","1":"product","2":"type-product","3":"status-publish","4":"has-post-thumbnail","6":"product_cat-edelstein-ringe","7":"product_cat-tuerkis-schmuck","9":"first","10":"instock","11":"shipping-taxable","12":"purchasable","13":"product-type-variable","14":"has-default-attributes"},"_links":{"self":[{"href":"https:\/\/elasaro.com\/de\/wp-json\/wp\/v2\/product\/8526","targetHints":{"allow":["GET"]}}],"collection":[{"href":"https:\/\/elasaro.com\/de\/wp-json\/wp\/v2\/product"}],"about":[{"href":"https:\/\/elasaro.com\/de\/wp-json\/wp\/v2\/types\/product"}],"wp:featuredmedia":[{"embeddable":true,"href":"https:\/\/elasaro.com\/de\/wp-json\/wp\/v2\/media\/5624"}],"wp:attachment":[{"href":"https:\/\/elasaro.com\/de\/wp-json\/wp\/v2\/media?parent=8526"}],"wp:term":[{"taxonomy":"product_cat","embeddable":true,"href":"https:\/\/elasaro.com\/de\/wp-json\/wp\/v2\/product_cat?post=8526"},{"taxonomy":"product_tag","embeddable":true,"href":"https:\/\/elasaro.com\/de\/wp-json\/wp\/v2\/product_tag?post=8526"}],"curies":[{"name":"wp","href":"https:\/\/api.w.org\/{rel}","templated":true}]}}