{"id":8538,"date":"2023-01-09T19:08:47","date_gmt":"2023-02-21T07:17:59","guid":{"rendered":"https:\/\/elasaro.com\/product\/blau-rund-gross-klein-tuerkis-sterling-silber-armband\/"},"modified":"2023-08-09T11:46:03","modified_gmt":"2023-08-09T11:46:03","slug":"blauer-rund-multi-size-turkis-perlenarmband-sterling-silber","status":"publish","type":"product","link":"https:\/\/elasaro.com\/de\/produkt\/blauer-rund-multi-size-turkis-perlenarmband-sterling-silber\/","title":{"rendered":"Blauer Rund (Multi-Size) T\u00fcrkis Perlenarmband Mit Sterling Silber"},"content":{"rendered":"<p>Dieses t\u00fcrkisfarbene Perlenarmband ist ein klassisches Schmuckst\u00fcck mit einer Vielzahl von runden blauen T\u00fcrkissteinen in den Gr\u00f6\u00dfen 6, 8 und 10 mm. Sie ist 16,5 cm lang mit einer zus\u00e4tzlichen 4 cm langen verstellbaren Sterlingsilberkette und Karabinerverschluss. Mit der verstellbaren Kette k\u00f6nnen Sie die Uhr perfekt an Ihr Handgelenk anpassen. Das Armband wiegt 12,7 g.<\/p>\n<p>Sie k\u00f6nnen es zu besonderen Anl\u00e4ssen zusammen mit dunklen oder hellen Farben tragen. Sie werden damit ein Zeichen setzen und viele Blicke auf sich ziehen. Auch zu l\u00e4ssigen Anl\u00e4ssen w\u00fcrde er sich gut machen, zum Beispiel zu Sommerkleidern, Jeansjacken oder anderen schlichten, l\u00e4ssigen Outfits. Die Entscheidung f\u00fcr t\u00fcrkisfarbenen Schmuck ist immer eine gute Wahl.<\/p>\n<p>Der T\u00fcrkis geh\u00f6rt zu den beliebtesten stein, die f\u00fcr Schmuck verwendet werden, und er bringt seinem Tr\u00e4ger Gl\u00fcck und Schutz. Die blaue Farbe des Steins wird auch mit Kommunikation und Selbstdarstellung in Verbindung gebracht. Er sieht umwerfend aus, hat viele heilende Eigenschaften und ist ein Muss in jedem Schmuckk\u00e4stchen.<\/p>\n<p>Warten Sie nicht l\u00e4nger, holen Sie sich Ihr Armband jetzt! Sie k\u00f6nnen den Look auch mit einer t\u00fcrkisfarbenen Halskette, einem Paar Ohrringe und einem Ring aus unserer T\u00fcrkis-Kollektion vervollst\u00e4ndigen.<\/p>\n","protected":false},"excerpt":{"rendered":"<p>Dieses t\u00fcrkisfarbene Perlenarmband ist ein klassisches Schmuckst\u00fcck mit einer Vielzahl von runden blauen T\u00fcrkissteinen in den Gr\u00f6\u00dfen 6, 8 und 10 mm. Sie ist 16,5 cm lang mit einer zus\u00e4tzlichen 4 cm langen verstellbaren Sterlingsilberkette und Karabinerverschluss. Mit der verstellbaren Kette k\u00f6nnen Sie die Uhr perfekt an Ihr Handgelenk anpassen. Das Armband wiegt 12,7 g&#8230;.<\/p>\n","protected":false},"featured_media":5587,"template":"","meta":{"rank_math_lock_modified_date":false},"product_cat":[96,186],"product_tag":[],"class_list":{"0":"post-8538","1":"product","2":"type-product","3":"status-publish","4":"has-post-thumbnail","6":"product_cat-edelstein-armband","7":"product_cat-tuerkis-schmuck","9":"first","10":"outofstock","11":"shipping-taxable","12":"purchasable","13":"product-type-simple"},"_links":{"self":[{"href":"https:\/\/elasaro.com\/de\/wp-json\/wp\/v2\/product\/8538","targetHints":{"allow":["GET"]}}],"collection":[{"href":"https:\/\/elasaro.com\/de\/wp-json\/wp\/v2\/product"}],"about":[{"href":"https:\/\/elasaro.com\/de\/wp-json\/wp\/v2\/types\/product"}],"wp:featuredmedia":[{"embeddable":true,"href":"https:\/\/elasaro.com\/de\/wp-json\/wp\/v2\/media\/5587"}],"wp:attachment":[{"href":"https:\/\/elasaro.com\/de\/wp-json\/wp\/v2\/media?parent=8538"}],"wp:term":[{"taxonomy":"product_cat","embeddable":true,"href":"https:\/\/elasaro.com\/de\/wp-json\/wp\/v2\/product_cat?post=8538"},{"taxonomy":"product_tag","embeddable":true,"href":"https:\/\/elasaro.com\/de\/wp-json\/wp\/v2\/product_tag?post=8538"}],"curies":[{"name":"wp","href":"https:\/\/api.w.org\/{rel}","templated":true}]}}