{"id":8540,"date":"2023-01-08T23:51:06","date_gmt":"2023-02-21T07:18:36","guid":{"rendered":"https:\/\/elasaro.com\/product\/runde-teardrop-facettierte-tuerkisfarbene-baumel-ohrringe-sterling-silber\/"},"modified":"2023-08-09T11:50:39","modified_gmt":"2023-08-09T11:50:39","slug":"runde-teardrop-facettierte-turkisfarbene-baumel-ohrringe-sterling-silber","status":"publish","type":"product","link":"https:\/\/elasaro.com\/de\/produkt\/runde-teardrop-facettierte-turkisfarbene-baumel-ohrringe-sterling-silber\/","title":{"rendered":"Blaue Runde &amp; Facettiert Teardrop T\u00fcrkis Dangle Hoop Ohrringe Mit Sterling Silber"},"content":{"rendered":"<p>Diese t\u00fcrkisfarbenen Ohrringe sind eine wunderbare Erg\u00e4nzung f\u00fcr jede Schmucksammlung. Die Ohrringe sind mit 4 mm gro\u00dfen runden und 6 x 10 mm gro\u00dfen tropfenf\u00f6rmigen T\u00fcrkissteinen in Sterlingsilber gefasst. Der Hebelverschluss sorgt daf\u00fcr, dass die Ohrringe sicher an ihrem Platz bleiben, w\u00e4hrend der Anh\u00e4nger dem Gesamtlook einen Hauch von Bewegung verleiht. Jeder Ohrring ist 45&#215;21 mm gro\u00df und wiegt 4,2 g.<\/p>\n<p>Blaue t\u00fcrkisfarbene steinsind vielseitig und passen zu den meisten Stilen und Kleidungsfarben. Daher eignen sie sich perfekt f\u00fcr jede Gelegenheit, sei es eine formelle Veranstaltung oder ein legerer Tagesausflug. Die Farbe Blau kann zu jeder Garderobe passen. Das baumelnde Reifendesign geh\u00f6rt zu den Favoriten unserer Community, und die einzigartige Kombination aus runden und tropfenf\u00f6rmigen Steinen macht diese Ohrringe zu etwas Besonderem.<\/p>\n<p>Dem T\u00fcrkis werden heilende Eigenschaften zugeschrieben und er wird oft mit Gl\u00fcck und Wohlstand in Verbindung gebracht. Historisch gesehen wurde es von vielen alten Kulturen, darunter die \u00c4gypter und die amerikanischen Ureinwohner, f\u00fcr Schmuck und andere dekorative Gegenst\u00e4nde verwendet. Dem T\u00fcrkis werden auch spirituelle Eigenschaften nachgesagt, er soll die Kommunikation und den Selbstausdruck f\u00f6rdern und Emotionen ausgleichen.<\/p>\n<p>Diese Ohrringe werden mit Sicherheit das Highlight Ihres Outfits sein. Sie sollten sich etwas g\u00f6nnen, Sie werden mit Ihrer Wahl zufrieden sein! Sie k\u00f6nnen sie auch mit einem t\u00fcrkisfarbenen Armband, einer Halskette und einem Ring von Elasaro kombinieren.<\/p>\n","protected":false},"excerpt":{"rendered":"<p>Diese t\u00fcrkisfarbenen Ohrringe sind eine wunderbare Erg\u00e4nzung f\u00fcr jede Schmucksammlung. Die Ohrringe sind mit 4 mm gro\u00dfen runden und 6 x 10 mm gro\u00dfen tropfenf\u00f6rmigen T\u00fcrkissteinen in Sterlingsilber gefasst. Der Hebelverschluss sorgt daf\u00fcr, dass die Ohrringe sicher an ihrem Platz bleiben, w\u00e4hrend der Anh\u00e4nger dem Gesamtlook einen Hauch von Bewegung verleiht. Jeder Ohrring ist 45&#215;21&#8230;<\/p>\n","protected":false},"featured_media":5549,"template":"","meta":{"rank_math_lock_modified_date":false},"product_cat":[100,260,186],"product_tag":[],"class_list":{"0":"post-8540","1":"product","2":"type-product","3":"status-publish","4":"has-post-thumbnail","6":"product_cat-edelstein-ohrringe","7":"product_cat-elasaro-favoriten","8":"product_cat-tuerkis-schmuck","10":"first","11":"instock","12":"shipping-taxable","13":"purchasable","14":"product-type-simple"},"_links":{"self":[{"href":"https:\/\/elasaro.com\/de\/wp-json\/wp\/v2\/product\/8540","targetHints":{"allow":["GET"]}}],"collection":[{"href":"https:\/\/elasaro.com\/de\/wp-json\/wp\/v2\/product"}],"about":[{"href":"https:\/\/elasaro.com\/de\/wp-json\/wp\/v2\/types\/product"}],"wp:featuredmedia":[{"embeddable":true,"href":"https:\/\/elasaro.com\/de\/wp-json\/wp\/v2\/media\/5549"}],"wp:attachment":[{"href":"https:\/\/elasaro.com\/de\/wp-json\/wp\/v2\/media?parent=8540"}],"wp:term":[{"taxonomy":"product_cat","embeddable":true,"href":"https:\/\/elasaro.com\/de\/wp-json\/wp\/v2\/product_cat?post=8540"},{"taxonomy":"product_tag","embeddable":true,"href":"https:\/\/elasaro.com\/de\/wp-json\/wp\/v2\/product_tag?post=8540"}],"curies":[{"name":"wp","href":"https:\/\/api.w.org\/{rel}","templated":true}]}}