{"id":8545,"date":"2022-10-10T20:28:42","date_gmt":"2023-02-21T07:19:20","guid":{"rendered":"https:\/\/elasaro.com\/product\/gruener-aventurin-anhaenger-kubus-zirkonia-sterling-silber-armreifen\/"},"modified":"2023-08-09T12:28:57","modified_gmt":"2023-08-09T12:28:57","slug":"gruner-aventurin-anhanger-kubus-zirkonia-sterling-silber-armreifen","status":"publish","type":"product","link":"https:\/\/elasaro.com\/de\/produkt\/gruner-aventurin-anhanger-kubus-zirkonia-sterling-silber-armreifen\/","title":{"rendered":"Gr\u00fcne Runde Aventurin Ohrringe Mit Kubischen Zirkonia Kristallen Und Sterling Silber"},"content":{"rendered":"<p>Nichts kann den Charme dieser gr\u00fcnen Aventurin-Ohrringe im Erbst\u00fcck-Stil \u00fcbertreffen. Sie sind aus Sterlingsilber gefertigt und wiegen nur 8,26 g. Der sch\u00f6ne 12 mm gro\u00dfe Aventurin ist von glitzernden steinumgeben, die diesem eleganten St\u00fcck einen Hauch von Glanz verleihen. Die Gesamtgr\u00f6\u00dfe der Ohrringe betr\u00e4gt 38&#215;12 mm, und sie sind mit einem Haken versehen.<\/p>\n<p>Das sind Statement-Ohrringe, die am besten zu ebenso stilvollen Outfits passen. Sie k\u00f6nnen den Look mit einer passenden Halskette und einem Armband aus unserer Aventurin-Schmuckkollektion vervollst\u00e4ndigen, insbesondere mit einigen unserer atemberaubenden Anh\u00e4nger. Ein dezentes Make-up und eine elegante Frisur unterstreichen den edlen Look und ziehen mehr Blicke auf sich.<\/p>\n<p>Abgesehen von seinem auff\u00e4lligen Aussehen ist Aventurin auch daf\u00fcr bekannt, seinem Tr\u00e4ger unglaubliche Eigenschaften zu verleihen. Er ist ein herzheilender Edelstein, der auch F\u00fchrungsqualit\u00e4ten st\u00e4rkt. Au\u00dferdem hilft es, Migr\u00e4ne zu lindern und die Augen zu beruhigen.<\/p>\n<p>Dies ist ein Muss f\u00fcr Ihr Schmuckk\u00e4stchen!<\/p>\n","protected":false},"excerpt":{"rendered":"<p>Nichts kann den Charme dieser gr\u00fcnen Aventurin-Ohrringe im Erbst\u00fcck-Stil \u00fcbertreffen. Sie sind aus Sterlingsilber gefertigt und wiegen nur 8,26 g. Der sch\u00f6ne 12 mm gro\u00dfe Aventurin ist von glitzernden steinumgeben, die diesem eleganten St\u00fcck einen Hauch von Glanz verleihen. Die Gesamtgr\u00f6\u00dfe der Ohrringe betr\u00e4gt 38&#215;12 mm, und sie sind mit einem Haken versehen. Das sind&#8230;<\/p>\n","protected":false},"featured_media":7490,"template":"","meta":{"rank_math_lock_modified_date":false},"product_cat":[162,100,260],"product_tag":[],"class_list":{"0":"post-8545","1":"product","2":"type-product","3":"status-publish","4":"has-post-thumbnail","6":"product_cat-aventurin-schmuck","7":"product_cat-edelstein-ohrringe","8":"product_cat-elasaro-favoriten","10":"first","11":"instock","12":"shipping-taxable","13":"purchasable","14":"product-type-simple"},"_links":{"self":[{"href":"https:\/\/elasaro.com\/de\/wp-json\/wp\/v2\/product\/8545","targetHints":{"allow":["GET"]}}],"collection":[{"href":"https:\/\/elasaro.com\/de\/wp-json\/wp\/v2\/product"}],"about":[{"href":"https:\/\/elasaro.com\/de\/wp-json\/wp\/v2\/types\/product"}],"wp:featuredmedia":[{"embeddable":true,"href":"https:\/\/elasaro.com\/de\/wp-json\/wp\/v2\/media\/7490"}],"wp:attachment":[{"href":"https:\/\/elasaro.com\/de\/wp-json\/wp\/v2\/media?parent=8545"}],"wp:term":[{"taxonomy":"product_cat","embeddable":true,"href":"https:\/\/elasaro.com\/de\/wp-json\/wp\/v2\/product_cat?post=8545"},{"taxonomy":"product_tag","embeddable":true,"href":"https:\/\/elasaro.com\/de\/wp-json\/wp\/v2\/product_tag?post=8545"}],"curies":[{"name":"wp","href":"https:\/\/api.w.org\/{rel}","templated":true}]}}