{"id":12052,"date":"2022-10-10T18:33:22","date_gmt":"2023-04-15T02:43:03","guid":{"rendered":"https:\/\/elasaro.com\/product\/anillo-abierto-perla-plana-redonda-negra-plata-ley-banda-ajustable\/"},"modified":"2023-08-09T12:38:18","modified_gmt":"2023-08-09T12:38:18","slug":"anillo-abierto-perla-plana-redonda-negra-plata-ley-banda-ajustable","status":"publish","type":"product","link":"https:\/\/elasaro.com\/es\/producto\/anillo-abierto-perla-plana-redonda-negra-plata-ley-banda-ajustable\/","title":{"rendered":"Anillo Abierto de Perla Plana Redonda Negra con Plata de Ley &#8211; Banda Ajustable"},"content":{"rendered":"<p>Realce su estilo hoy mismo con este anillo abierto con perlas de plata de ley. Pesa 3.10gr y tiene una hermosa perla plana redonda de 7~8 x 6,5~7mm. Este anillo est\u00e1 disponible en las tallas 50 a 56, y su dise\u00f1o abierto permite ajustarlo para conseguir un ajuste perfecto.<\/p>\n<p>Combina un original dise\u00f1o minimalista pero tambi\u00e9n llamativo. Es una prenda llamativa que queda bien con todo, tanto con elegantes trajes de noche como con bonitos vestidos de verano.<\/p>\n<p>\u00bfSabe que los expertos creen que la perla negra trae abundancia y fortuna a la vida de quien la lleva? Adem\u00e1s, tambi\u00e9n les protege contra contratiempos y accidentes. Aparte de su aspecto, le aportar\u00e1 muchas propiedades.<\/p>\n<p>Consiga el suyo hoy mismo. Tambi\u00e9n puede combinarlo con una pulsera, un collar o unos pendientes de nuestra colecci\u00f3n de perlas.<\/p>\n","protected":false},"excerpt":{"rendered":"<p>Realce su estilo hoy mismo con este anillo abierto con perlas de plata de ley. Pesa 3.10gr y tiene una hermosa perla plana redonda de 7~8 x 6,5~7mm. Este anillo est\u00e1 disponible en las tallas 50 a 56, y su dise\u00f1o abierto permite ajustarlo para conseguir un ajuste perfecto. Combina un original dise\u00f1o minimalista pero&#8230;<\/p>\n","protected":false},"featured_media":7310,"template":"","meta":{"rank_math_lock_modified_date":false},"product_cat":[117,256,232],"product_tag":[],"class_list":{"0":"post-12052","1":"product","2":"type-product","3":"status-publish","4":"has-post-thumbnail","6":"product_cat-anillos-piedras-naturales","7":"product_cat-elasaro-favoritos","8":"product_cat-joyas-perlas","10":"first","11":"instock","12":"shipping-taxable","13":"purchasable","14":"product-type-variable","15":"has-default-attributes"},"_links":{"self":[{"href":"https:\/\/elasaro.com\/es\/wp-json\/wp\/v2\/product\/12052","targetHints":{"allow":["GET"]}}],"collection":[{"href":"https:\/\/elasaro.com\/es\/wp-json\/wp\/v2\/product"}],"about":[{"href":"https:\/\/elasaro.com\/es\/wp-json\/wp\/v2\/types\/product"}],"wp:featuredmedia":[{"embeddable":true,"href":"https:\/\/elasaro.com\/es\/wp-json\/wp\/v2\/media\/7310"}],"wp:attachment":[{"href":"https:\/\/elasaro.com\/es\/wp-json\/wp\/v2\/media?parent=12052"}],"wp:term":[{"taxonomy":"product_cat","embeddable":true,"href":"https:\/\/elasaro.com\/es\/wp-json\/wp\/v2\/product_cat?post=12052"},{"taxonomy":"product_tag","embeddable":true,"href":"https:\/\/elasaro.com\/es\/wp-json\/wp\/v2\/product_tag?post=12052"}],"curies":[{"name":"wp","href":"https:\/\/api.w.org\/{rel}","templated":true}]}}