{"id":12060,"date":"2022-10-10T20:08:09","date_gmt":"2023-04-15T02:46:53","guid":{"rendered":"https:\/\/elasaro.com\/product\/anillo-perlas-planas-redondas-color-melocoton-plata-ley\/"},"modified":"2023-08-09T12:33:22","modified_gmt":"2023-08-09T12:33:22","slug":"anillo-perlas-planas-redondas-color-melocoton-plata-ley","status":"publish","type":"product","link":"https:\/\/elasaro.com\/es\/producto\/anillo-perlas-planas-redondas-color-melocoton-plata-ley\/","title":{"rendered":"Anillo de Perlas Planas Redondas de Color Melocot\u00f3n con Plata de Ley"},"content":{"rendered":"<p>\u00bfBusca un anillo minimalista pero precioso? Tenemos el perfecto para usted. Este precioso anillo de perlas pesa 1,45gr y lleva una perla melocot\u00f3n de 4,5~4mm. Est\u00e1 disponible en 3 tallas: 50, 54 y 56.<\/p>\n<p>Es uno de esos anillos discretamente bonitos que combinan con todo. Puedes crear un bonito look femenino, llevarlo con un conjunto informal o incluso ir elegante.<\/p>\n<p>Aparte de su aspecto, las perlas pueden aportarte muchos beneficios. Pueden aumentar la confianza, mejorar la memoria e incrementar la inteligencia.<\/p>\n<p>Este anillo no puede faltar en ning\u00fan joyero. Tambi\u00e9n deber\u00edas completarlo con una pulsera, un collar o unos pendientes de nuestra colecci\u00f3n.<\/p>\n","protected":false},"excerpt":{"rendered":"<p>\u00bfBusca un anillo minimalista pero precioso? Tenemos el perfecto para usted. Este precioso anillo de perlas pesa 1,45gr y lleva una perla melocot\u00f3n de 4,5~4mm. Est\u00e1 disponible en 3 tallas: 50, 54 y 56. Es uno de esos anillos discretamente bonitos que combinan con todo. Puedes crear un bonito look femenino, llevarlo con un conjunto&#8230;<\/p>\n","protected":false},"featured_media":7340,"template":"","meta":{"rank_math_lock_modified_date":false},"product_cat":[117,256,232],"product_tag":[],"class_list":{"0":"post-12060","1":"product","2":"type-product","3":"status-publish","4":"has-post-thumbnail","6":"product_cat-anillos-piedras-naturales","7":"product_cat-elasaro-favoritos","8":"product_cat-joyas-perlas","10":"first","11":"instock","12":"shipping-taxable","13":"purchasable","14":"product-type-variable","15":"has-default-attributes"},"_links":{"self":[{"href":"https:\/\/elasaro.com\/es\/wp-json\/wp\/v2\/product\/12060","targetHints":{"allow":["GET"]}}],"collection":[{"href":"https:\/\/elasaro.com\/es\/wp-json\/wp\/v2\/product"}],"about":[{"href":"https:\/\/elasaro.com\/es\/wp-json\/wp\/v2\/types\/product"}],"wp:featuredmedia":[{"embeddable":true,"href":"https:\/\/elasaro.com\/es\/wp-json\/wp\/v2\/media\/7340"}],"wp:attachment":[{"href":"https:\/\/elasaro.com\/es\/wp-json\/wp\/v2\/media?parent=12060"}],"wp:term":[{"taxonomy":"product_cat","embeddable":true,"href":"https:\/\/elasaro.com\/es\/wp-json\/wp\/v2\/product_cat?post=12060"},{"taxonomy":"product_tag","embeddable":true,"href":"https:\/\/elasaro.com\/es\/wp-json\/wp\/v2\/product_tag?post=12060"}],"curies":[{"name":"wp","href":"https:\/\/api.w.org\/{rel}","templated":true}]}}