{"id":12064,"date":"2022-10-10T20:51:57","date_gmt":"2023-04-15T02:53:47","guid":{"rendered":"https:\/\/elasaro.com\/product\/pendientes-redondos-concha-nacarada-blanca-plata-ley\/"},"modified":"2023-08-09T12:25:44","modified_gmt":"2023-08-09T12:25:44","slug":"pendientes-redondos-concha-nacarada-blanca-plata-ley","status":"publish","type":"product","link":"https:\/\/elasaro.com\/es\/producto\/pendientes-redondos-concha-nacarada-blanca-plata-ley\/","title":{"rendered":"Pendientes Redondos de Concha Nacarada Blanca con Plata de Ley"},"content":{"rendered":"<p>Nos encantan estos pendientes de n\u00e1car minimalistas y con clase. Est\u00e1n hechos con plata de ley y llevan cuentas de 12 mm. Miden 32x12mm y pesan s\u00f3lo 6,37gr. El cierre de palanca evita que los pendientes se caigan.<\/p>\n<p>\u00bfD\u00f3nde puede llevar estos bonitos pendientes? Sugerimos combinarlos con atuendos de noche en tonos blancos y negros. Apuesta por un look minimalista con estos pendientes. Puedes completar el look con un collar a juego y una pulsera de Elasaro.<\/p>\n<p>La perla significa sabidur\u00eda, valor y fe. Es una piedra de pureza que tambi\u00e9n potencia la autoaceptaci\u00f3n, aporta fuerza a la situaci\u00f3n y lealtad a una causa.<\/p>\n<p>Deber\u00edas tenerlas en tu joyero. As\u00ed que hazte con el tuyo mientras est\u00e9 disponible.<\/p>\n","protected":false},"excerpt":{"rendered":"<p>Nos encantan estos pendientes de n\u00e1car minimalistas y con clase. Est\u00e1n hechos con plata de ley y llevan cuentas de 12 mm. Miden 32x12mm y pesan s\u00f3lo 6,37gr. El cierre de palanca evita que los pendientes se caigan. \u00bfD\u00f3nde puede llevar estos bonitos pendientes? Sugerimos combinarlos con atuendos de noche en tonos blancos y negros&#8230;.<\/p>\n","protected":false},"featured_media":7949,"template":"","meta":{"rank_math_lock_modified_date":false},"product_cat":[300,102],"product_tag":[],"class_list":{"0":"post-12064","1":"product","2":"type-product","3":"status-publish","4":"has-post-thumbnail","6":"product_cat-joyas-de-nacar","7":"product_cat-pendientes-piedra-natural","9":"first","10":"instock","11":"shipping-taxable","12":"purchasable","13":"product-type-simple"},"_links":{"self":[{"href":"https:\/\/elasaro.com\/es\/wp-json\/wp\/v2\/product\/12064","targetHints":{"allow":["GET"]}}],"collection":[{"href":"https:\/\/elasaro.com\/es\/wp-json\/wp\/v2\/product"}],"about":[{"href":"https:\/\/elasaro.com\/es\/wp-json\/wp\/v2\/types\/product"}],"wp:featuredmedia":[{"embeddable":true,"href":"https:\/\/elasaro.com\/es\/wp-json\/wp\/v2\/media\/7949"}],"wp:attachment":[{"href":"https:\/\/elasaro.com\/es\/wp-json\/wp\/v2\/media?parent=12064"}],"wp:term":[{"taxonomy":"product_cat","embeddable":true,"href":"https:\/\/elasaro.com\/es\/wp-json\/wp\/v2\/product_cat?post=12064"},{"taxonomy":"product_tag","embeddable":true,"href":"https:\/\/elasaro.com\/es\/wp-json\/wp\/v2\/product_tag?post=12064"}],"curies":[{"name":"wp","href":"https:\/\/api.w.org\/{rel}","templated":true}]}}