{"id":12065,"date":"2022-10-10T21:12:36","date_gmt":"2023-04-15T02:59:32","guid":{"rendered":"https:\/\/elasaro.com\/product\/pendientes-colgantes-perlas-ovaladas-asimetricas-melocoton-plata-ley\/"},"modified":"2023-08-09T12:23:06","modified_gmt":"2023-08-09T12:23:06","slug":"pendientes-colgantes-perlas-ovaladas-asimetricas-melocoton-plata-ley","status":"publish","type":"product","link":"https:\/\/elasaro.com\/es\/producto\/pendientes-colgantes-perlas-ovaladas-asimetricas-melocoton-plata-ley\/","title":{"rendered":"Pendientes Colgantes de Perlas Ovaladas Asim\u00e9tricas Color Melocot\u00f3n con Plata de Ley"},"content":{"rendered":"<p>Hay algo encantador en los pendientes de perlas. Y nuestros pendientes de perlas de melocot\u00f3n no son una excepci\u00f3n. Miden 54x10mm de largo y vienen con perlas ovaladas asim\u00e9tricas de 10x13mm. Es un delicado pendiente de plata de ley y pesa s\u00f3lo 3,98gr. Adem\u00e1s, el cierre trasero de palanca garantizar\u00e1 que permanezcan firmemente en su sitio.<\/p>\n<p>Puedes llevar estos pendientes colgantes con vestidos bonitos en citas o bodas, sobre todo si buscas un look mono. Est\u00e1n absolutamente deslumbrantes con trajes de colores suaves, as\u00ed como con un maquillaje y un peinado sutiles.<\/p>\n<p>Aparte del estilo, las perlas tambi\u00e9n pueden estabilizar tus emociones y controlar tus ansiedades. Te ayudar\u00e1n a mantener la calma en situaciones ca\u00f3ticas y te har\u00e1n salir como una persona madura.<\/p>\n<p>Puedes completar el look con joyas de perlas a juego de nuestra colecci\u00f3n. Estos preciosos pendientes pueden ser tuyos con unos pocos clics.<\/p>\n","protected":false},"excerpt":{"rendered":"<p>Hay algo encantador en los pendientes de perlas. Y nuestros pendientes de perlas de melocot\u00f3n no son una excepci\u00f3n. Miden 54x10mm de largo y vienen con perlas ovaladas asim\u00e9tricas de 10x13mm. Es un delicado pendiente de plata de ley y pesa s\u00f3lo 3,98gr. Adem\u00e1s, el cierre trasero de palanca garantizar\u00e1 que permanezcan firmemente en su&#8230;<\/p>\n","protected":false},"featured_media":7521,"template":"","meta":{"rank_math_lock_modified_date":false},"product_cat":[256,232,102],"product_tag":[],"class_list":{"0":"post-12065","1":"product","2":"type-product","3":"status-publish","4":"has-post-thumbnail","6":"product_cat-elasaro-favoritos","7":"product_cat-joyas-perlas","8":"product_cat-pendientes-piedra-natural","10":"first","11":"instock","12":"shipping-taxable","13":"purchasable","14":"product-type-simple"},"_links":{"self":[{"href":"https:\/\/elasaro.com\/es\/wp-json\/wp\/v2\/product\/12065","targetHints":{"allow":["GET"]}}],"collection":[{"href":"https:\/\/elasaro.com\/es\/wp-json\/wp\/v2\/product"}],"about":[{"href":"https:\/\/elasaro.com\/es\/wp-json\/wp\/v2\/types\/product"}],"wp:featuredmedia":[{"embeddable":true,"href":"https:\/\/elasaro.com\/es\/wp-json\/wp\/v2\/media\/7521"}],"wp:attachment":[{"href":"https:\/\/elasaro.com\/es\/wp-json\/wp\/v2\/media?parent=12065"}],"wp:term":[{"taxonomy":"product_cat","embeddable":true,"href":"https:\/\/elasaro.com\/es\/wp-json\/wp\/v2\/product_cat?post=12065"},{"taxonomy":"product_tag","embeddable":true,"href":"https:\/\/elasaro.com\/es\/wp-json\/wp\/v2\/product_tag?post=12065"}],"curies":[{"name":"wp","href":"https:\/\/api.w.org\/{rel}","templated":true}]}}