{"id":12073,"date":"2022-10-15T16:38:03","date_gmt":"2023-04-15T03:40:00","guid":{"rendered":"https:\/\/elasaro.com\/product\/collar-perlas-redondas-asimetricas-blancas-plata-ley\/"},"modified":"2023-08-09T12:15:51","modified_gmt":"2023-08-09T12:15:51","slug":"collar-perlas-redondas-asimetricas-blancas-plata-ley","status":"publish","type":"product","link":"https:\/\/elasaro.com\/es\/producto\/collar-perlas-redondas-asimetricas-blancas-plata-ley\/","title":{"rendered":"Collar de Perlas Redondas Asim\u00e9tricas Blancas con Plata de Ley"},"content":{"rendered":"<p>Si buscas una joya elegante y chic que haga notar tu presencia, \u00a1este collar de perlas blancas es para ti! Mide 42 cm de largo con una cadena de plata de ley ajustable de 4 cm y lleva perlas redondas asim\u00e9tricas \u00fanicas de 12-13 mm. Esto hace que cada collar sea \u00fanico. El cierre de langosta lo sujetar\u00e1 firmemente para su tranquilidad.<\/p>\n<p>Puede llevar este impresionante collar con su traje de noche y atraer todas las miradas durante su cita, en una boda o en cualquier otra ocasi\u00f3n especial. Las perlas destacan con colores m\u00e1s oscuros y un maquillaje sutil. Tambi\u00e9n tienen un brillo \u00fanico bajo la luz con diferentes matices. Te sugerimos que completes el look con unos pendientes a juego y una pulsera de nuestra colecci\u00f3n de perlas.<\/p>\n<p>Adem\u00e1s de por su aspecto, las perlas tambi\u00e9n son conocidas por sus extraordinarias propiedades. Te otorgar\u00e1n abundancia, tranquilidad y prosperidad.<\/p>\n<p>Toda mujer debe tener una joya \u00fanica para lucir en ocasiones especiales. Este collar es la elecci\u00f3n perfecta.<\/p>\n","protected":false},"excerpt":{"rendered":"<p>Si buscas una joya elegante y chic que haga notar tu presencia, \u00a1este collar de perlas blancas es para ti! Mide 42 cm de largo con una cadena de plata de ley ajustable de 4 cm y lleva perlas redondas asim\u00e9tricas \u00fanicas de 12-13 mm. Esto hace que cada collar sea \u00fanico. El cierre de&#8230;<\/p>\n","protected":false},"featured_media":8002,"template":"","meta":{"rank_math_lock_modified_date":false},"product_cat":[106,256,232],"product_tag":[],"class_list":{"0":"post-12073","1":"product","2":"type-product","3":"status-publish","4":"has-post-thumbnail","6":"product_cat-collares-piedras-naturales","7":"product_cat-elasaro-favoritos","8":"product_cat-joyas-perlas","10":"first","11":"outofstock","12":"shipping-taxable","13":"purchasable","14":"product-type-simple"},"_links":{"self":[{"href":"https:\/\/elasaro.com\/es\/wp-json\/wp\/v2\/product\/12073","targetHints":{"allow":["GET"]}}],"collection":[{"href":"https:\/\/elasaro.com\/es\/wp-json\/wp\/v2\/product"}],"about":[{"href":"https:\/\/elasaro.com\/es\/wp-json\/wp\/v2\/types\/product"}],"wp:featuredmedia":[{"embeddable":true,"href":"https:\/\/elasaro.com\/es\/wp-json\/wp\/v2\/media\/8002"}],"wp:attachment":[{"href":"https:\/\/elasaro.com\/es\/wp-json\/wp\/v2\/media?parent=12073"}],"wp:term":[{"taxonomy":"product_cat","embeddable":true,"href":"https:\/\/elasaro.com\/es\/wp-json\/wp\/v2\/product_cat?post=12073"},{"taxonomy":"product_tag","embeddable":true,"href":"https:\/\/elasaro.com\/es\/wp-json\/wp\/v2\/product_tag?post=12073"}],"curies":[{"name":"wp","href":"https:\/\/api.w.org\/{rel}","templated":true}]}}