{"id":12074,"date":"2022-10-15T19:35:04","date_gmt":"2023-04-15T03:46:53","guid":{"rendered":"https:\/\/elasaro.com\/product\/collar-redondo-gris-labradorita-noruega-larvikita-plata-de-ley\/"},"modified":"2023-08-09T12:13:19","modified_gmt":"2023-08-09T12:13:19","slug":"collar-redondo-gris-labradorita-noruega-larvikita-plata-de-ley","status":"publish","type":"product","link":"https:\/\/elasaro.com\/es\/producto\/collar-redondo-gris-labradorita-noruega-larvikita-plata-de-ley\/","title":{"rendered":"Collar de Labradorita Noruega (Larvikita) Redonda Gris con Plata de Ley"},"content":{"rendered":"<p>Nuestro collar de labradorita noruega gris (larvikita) es una excelente elecci\u00f3n si desea un collar sobrio y con clase. Tiene un tacto agradable con su peso de 57gr. El collar mide 40 cm de largo con una cadena de plata de ley ajustable de 4 cm y un cierre de langosta que lo mantendr\u00e1 firmemente en su sitio.<\/p>\n<p>Es una pieza impresionante que combinar\u00e1 bien con la mayor\u00eda de los conjuntos. Puede ser sutil y discreto o m\u00e1s llamativo, seg\u00fan los colores con los que lo combines.<\/p>\n<p>La larvikita es una piedra preciosa poderosa que ayuda a las personas que atraviesan tiempos dif\u00edciles. Significa sabidur\u00eda, seguridad y creatividad. Tambi\u00e9n disipa la energ\u00eda negativa y estimula la vitalidad.<\/p>\n<p>Consigue tu pieza hoy mismo antes de que se agote. Piense en combinar el collar con una pulsera, un anillo o unos pendientes de labradorita de nuestra colecci\u00f3n.<\/p>\n","protected":false},"excerpt":{"rendered":"<p>Nuestro collar de labradorita noruega gris (larvikita) es una excelente elecci\u00f3n si desea un collar sobrio y con clase. Tiene un tacto agradable con su peso de 57gr. El collar mide 40 cm de largo con una cadena de plata de ley ajustable de 4 cm y un cierre de langosta que lo mantendr\u00e1 firmemente&#8230;<\/p>\n","protected":false},"featured_media":9770,"template":"","meta":{"rank_math_lock_modified_date":false},"product_cat":[106,256,250],"product_tag":[],"class_list":{"0":"post-12074","1":"product","2":"type-product","3":"status-publish","4":"has-post-thumbnail","6":"product_cat-collares-piedras-naturales","7":"product_cat-elasaro-favoritos","8":"product_cat-joyas-labradorita","10":"first","11":"instock","12":"shipping-taxable","13":"purchasable","14":"product-type-simple"},"_links":{"self":[{"href":"https:\/\/elasaro.com\/es\/wp-json\/wp\/v2\/product\/12074","targetHints":{"allow":["GET"]}}],"collection":[{"href":"https:\/\/elasaro.com\/es\/wp-json\/wp\/v2\/product"}],"about":[{"href":"https:\/\/elasaro.com\/es\/wp-json\/wp\/v2\/types\/product"}],"wp:featuredmedia":[{"embeddable":true,"href":"https:\/\/elasaro.com\/es\/wp-json\/wp\/v2\/media\/9770"}],"wp:attachment":[{"href":"https:\/\/elasaro.com\/es\/wp-json\/wp\/v2\/media?parent=12074"}],"wp:term":[{"taxonomy":"product_cat","embeddable":true,"href":"https:\/\/elasaro.com\/es\/wp-json\/wp\/v2\/product_cat?post=12074"},{"taxonomy":"product_tag","embeddable":true,"href":"https:\/\/elasaro.com\/es\/wp-json\/wp\/v2\/product_tag?post=12074"}],"curies":[{"name":"wp","href":"https:\/\/api.w.org\/{rel}","templated":true}]}}