{"id":12502,"date":"2023-03-30T01:10:53","date_gmt":"2023-07-24T12:37:22","guid":{"rendered":"https:\/\/elasaro.com\/product\/melocoton-perla-joya-juego-collar-pulsera-pendientes\/"},"modified":"2024-06-23T14:01:27","modified_gmt":"2024-06-23T14:01:27","slug":"set-joyas-perla-melocoton-collar-pulsera-pendientes","status":"publish","type":"product","link":"https:\/\/elasaro.com\/es\/producto\/set-joyas-perla-melocoton-collar-pulsera-pendientes\/","title":{"rendered":"Set de Joyas Perla Melocot\u00f3n | Collar + Pulsera + Pendientes"},"content":{"rendered":"<p>Descripci\u00f3n pr\u00f3ximamente<\/p>\n","protected":false},"excerpt":{"rendered":"<p>Collar De Cadena De Cuentas | Pulsera De Cadena De Cuentas | Pendientes Colgantes<\/p>\n","protected":false},"featured_media":11902,"template":"","meta":{"rank_math_lock_modified_date":false},"product_cat":[1995,1994,1990,1992,1997,1996,1991,1993,232,1796,347],"product_tag":[],"class_list":{"0":"post-12502","1":"product","2":"type-product","3":"status-publish","4":"has-post-thumbnail","6":"product_cat-joyas-zodiaco-cancer","7":"product_cat-joyas-zodiaco-geminis","8":"product_cat-joyas-piedra-natal-junio","9":"product_cat-beige-juegos-joyas","10":"product_cat-juegos-joyas-zodiaco-cancer","11":"product_cat-juegos-joyas-zodiaco-geminis","12":"product_cat-juegos-joyas-perlas","13":"product_cat-juegos-joyas-piedra-natal-junio","14":"product_cat-joyas-perlas","15":"product_cat-beige-joyeria","16":"product_cat-juegos-joyas-piedras-naturales","18":"first","19":"instock","20":"sale","21":"shipping-taxable","22":"purchasable","23":"product-type-simple"},"_links":{"self":[{"href":"https:\/\/elasaro.com\/es\/wp-json\/wp\/v2\/product\/12502","targetHints":{"allow":["GET"]}}],"collection":[{"href":"https:\/\/elasaro.com\/es\/wp-json\/wp\/v2\/product"}],"about":[{"href":"https:\/\/elasaro.com\/es\/wp-json\/wp\/v2\/types\/product"}],"wp:featuredmedia":[{"embeddable":true,"href":"https:\/\/elasaro.com\/es\/wp-json\/wp\/v2\/media\/11902"}],"wp:attachment":[{"href":"https:\/\/elasaro.com\/es\/wp-json\/wp\/v2\/media?parent=12502"}],"wp:term":[{"taxonomy":"product_cat","embeddable":true,"href":"https:\/\/elasaro.com\/es\/wp-json\/wp\/v2\/product_cat?post=12502"},{"taxonomy":"product_tag","embeddable":true,"href":"https:\/\/elasaro.com\/es\/wp-json\/wp\/v2\/product_tag?post=12502"}],"curies":[{"name":"wp","href":"https:\/\/api.w.org\/{rel}","templated":true}]}}