{"id":12505,"date":"2023-03-30T01:01:18","date_gmt":"2023-07-24T12:43:45","guid":{"rendered":"https:\/\/elasaro.com\/product\/melocoton-asimetrico-ovalado-perla-colgante-pendientes-plata-de-ley\/"},"modified":"2024-05-12T17:07:11","modified_gmt":"2024-05-12T17:07:11","slug":"pendientes-colgantes-perlas-ovaladas-asimetricas-color-melocoton-plata","status":"publish","type":"product","link":"https:\/\/elasaro.com\/es\/producto\/pendientes-colgantes-perlas-ovaladas-asimetricas-color-melocoton-plata\/","title":{"rendered":"Pendientes Colgantes de Perlas Ovaladas Asim\u00e9tricas Color Melocot\u00f3n Con Plata de Ley"},"content":{"rendered":"<p>Descripci\u00f3n pr\u00f3ximamente<\/p>\n","protected":false},"excerpt":{"rendered":"<p>Descripci\u00f3n pr\u00f3ximamente<\/p>\n","protected":false},"featured_media":11924,"template":"","meta":{"rank_math_lock_modified_date":false},"product_cat":[1995,1994,1990,2014,2017,2020,2019,2016,2013,2015,2018,232,1796,102],"product_tag":[],"class_list":{"0":"post-12505","1":"product","2":"type-product","3":"status-publish","4":"has-post-thumbnail","6":"product_cat-joyas-zodiaco-cancer","7":"product_cat-joyas-zodiaco-geminis","8":"product_cat-joyas-piedra-natal-junio","9":"product_cat-pendientes-colgantes","10":"product_cat-beige-pendientes","11":"product_cat-pendientes-zodiaco-cancer","12":"product_cat-pendientes-zodiaco-geminis","13":"product_cat-pendientes-perlas","14":"product_cat-pendientes-gota","15":"product_cat-pendientes-palanca","16":"product_cat-pendientes-piedra-natal-junio","17":"product_cat-joyas-perlas","18":"product_cat-beige-joyeria","19":"product_cat-pendientes-piedra-natural","21":"first","22":"instock","23":"sale","24":"shipping-taxable","25":"purchasable","26":"product-type-simple"},"_links":{"self":[{"href":"https:\/\/elasaro.com\/es\/wp-json\/wp\/v2\/product\/12505","targetHints":{"allow":["GET"]}}],"collection":[{"href":"https:\/\/elasaro.com\/es\/wp-json\/wp\/v2\/product"}],"about":[{"href":"https:\/\/elasaro.com\/es\/wp-json\/wp\/v2\/types\/product"}],"wp:featuredmedia":[{"embeddable":true,"href":"https:\/\/elasaro.com\/es\/wp-json\/wp\/v2\/media\/11924"}],"wp:attachment":[{"href":"https:\/\/elasaro.com\/es\/wp-json\/wp\/v2\/media?parent=12505"}],"wp:term":[{"taxonomy":"product_cat","embeddable":true,"href":"https:\/\/elasaro.com\/es\/wp-json\/wp\/v2\/product_cat?post=12505"},{"taxonomy":"product_tag","embeddable":true,"href":"https:\/\/elasaro.com\/es\/wp-json\/wp\/v2\/product_tag?post=12505"}],"curies":[{"name":"wp","href":"https:\/\/api.w.org\/{rel}","templated":true}]}}