{"id":12508,"date":"2023-03-30T00:53:20","date_gmt":"2023-07-24T12:49:54","guid":{"rendered":"https:\/\/elasaro.com\/product\/melocoton-asimetrico-ovalado-perla-con-perlas-cadena-pulsera-plata-de-esterlina\/"},"modified":"2024-05-12T17:08:59","modified_gmt":"2024-05-12T17:08:59","slug":"pulsera-cadena-perlas-ovaladas-asimetricas-color-melocoton-plata","status":"publish","type":"product","link":"https:\/\/elasaro.com\/es\/producto\/pulsera-cadena-perlas-ovaladas-asimetricas-color-melocoton-plata\/","title":{"rendered":"Pulsera De Cadena De Perlas Ovaladas Asim\u00e9tricas De Color Melocot\u00f3n Con Plata De Ley"},"content":{"rendered":"<p>Descripci\u00f3n pr\u00f3ximamente<\/p>\n","protected":false},"excerpt":{"rendered":"<p>Descripci\u00f3n pr\u00f3ximamente<\/p>\n","protected":false},"featured_media":11913,"template":"","meta":{"rank_math_lock_modified_date":false},"product_cat":[1995,1994,1990,2029,2027,2031,2034,2033,2030,2032,232,1796,98],"product_tag":[],"class_list":{"0":"post-12508","1":"product","2":"type-product","3":"status-publish","4":"has-post-thumbnail","6":"product_cat-joyas-zodiaco-cancer","7":"product_cat-joyas-zodiaco-geminis","8":"product_cat-joyas-piedra-natal-junio","9":"product_cat-pulseras-ajustable","10":"product_cat-pulseras-cadena-de-cuentas","11":"product_cat-beige-pulseras","12":"product_cat-pulseras-zodiaco-cancer","13":"product_cat-pulseras-zodiaco-geminis","14":"product_cat-pulseras-perlas","15":"product_cat-pulseras-piedra-natal-junio","16":"product_cat-joyas-perlas","17":"product_cat-beige-joyeria","18":"product_cat-pulsera-piedra-natural","20":"first","21":"instock","22":"sale","23":"shipping-taxable","24":"purchasable","25":"product-type-simple"},"_links":{"self":[{"href":"https:\/\/elasaro.com\/es\/wp-json\/wp\/v2\/product\/12508","targetHints":{"allow":["GET"]}}],"collection":[{"href":"https:\/\/elasaro.com\/es\/wp-json\/wp\/v2\/product"}],"about":[{"href":"https:\/\/elasaro.com\/es\/wp-json\/wp\/v2\/types\/product"}],"wp:featuredmedia":[{"embeddable":true,"href":"https:\/\/elasaro.com\/es\/wp-json\/wp\/v2\/media\/11913"}],"wp:attachment":[{"href":"https:\/\/elasaro.com\/es\/wp-json\/wp\/v2\/media?parent=12508"}],"wp:term":[{"taxonomy":"product_cat","embeddable":true,"href":"https:\/\/elasaro.com\/es\/wp-json\/wp\/v2\/product_cat?post=12508"},{"taxonomy":"product_tag","embeddable":true,"href":"https:\/\/elasaro.com\/es\/wp-json\/wp\/v2\/product_tag?post=12508"}],"curies":[{"name":"wp","href":"https:\/\/api.w.org\/{rel}","templated":true}]}}