{"id":12511,"date":"2023-03-30T00:45:22","date_gmt":"2023-07-24T12:54:05","guid":{"rendered":"https:\/\/elasaro.com\/product\/melocoton-oval-perla-asimetrica-collar-de-cadena-de-perlas-de-plata-de-esterlina\/"},"modified":"2024-05-12T17:09:30","modified_gmt":"2024-05-12T17:09:30","slug":"collar-cadena-perlas-ovaladas-asimetricas-color-melocoton-plata","status":"publish","type":"product","link":"https:\/\/elasaro.com\/es\/producto\/collar-cadena-perlas-ovaladas-asimetricas-color-melocoton-plata\/","title":{"rendered":"Collar De Cadena De Perlas Ovaladas Asim\u00e9tricas Color Melocot\u00f3n Con Plata De Ley"},"content":{"rendered":"<p>Descripci\u00f3n pr\u00f3ximamente<\/p>\n","protected":false},"excerpt":{"rendered":"<p>Descripci\u00f3n pr\u00f3ximamente<\/p>\n","protected":false},"featured_media":11892,"template":"","meta":{"rank_math_lock_modified_date":false},"product_cat":[2064,2060,2066,2069,2068,2062,2065,2063,2061,2067,1995,1994,1990,106,232,1796],"product_tag":[],"class_list":{"0":"post-12511","1":"product","2":"type-product","3":"status-publish","4":"has-post-thumbnail","6":"product_cat-collares-ajustable","7":"product_cat-collares-cadena-cuentas","8":"product_cat-beige-collares","9":"product_cat-collares-zodiaco-cancer","10":"product_cat-collares-zodiaco-geminis","11":"product_cat-collares-cuello","12":"product_cat-collares-perlas","13":"product_cat-collares-estacion","14":"product_cat-collares-gargantilla","15":"product_cat-collares-piedra-natal-junio","16":"product_cat-joyas-zodiaco-cancer","17":"product_cat-joyas-zodiaco-geminis","18":"product_cat-joyas-piedra-natal-junio","19":"product_cat-collares-piedras-naturales","20":"product_cat-joyas-perlas","21":"product_cat-beige-joyeria","23":"first","24":"instock","25":"sale","26":"shipping-taxable","27":"purchasable","28":"product-type-simple"},"_links":{"self":[{"href":"https:\/\/elasaro.com\/es\/wp-json\/wp\/v2\/product\/12511","targetHints":{"allow":["GET"]}}],"collection":[{"href":"https:\/\/elasaro.com\/es\/wp-json\/wp\/v2\/product"}],"about":[{"href":"https:\/\/elasaro.com\/es\/wp-json\/wp\/v2\/types\/product"}],"wp:featuredmedia":[{"embeddable":true,"href":"https:\/\/elasaro.com\/es\/wp-json\/wp\/v2\/media\/11892"}],"wp:attachment":[{"href":"https:\/\/elasaro.com\/es\/wp-json\/wp\/v2\/media?parent=12511"}],"wp:term":[{"taxonomy":"product_cat","embeddable":true,"href":"https:\/\/elasaro.com\/es\/wp-json\/wp\/v2\/product_cat?post=12511"},{"taxonomy":"product_tag","embeddable":true,"href":"https:\/\/elasaro.com\/es\/wp-json\/wp\/v2\/product_tag?post=12511"}],"curies":[{"name":"wp","href":"https:\/\/api.w.org\/{rel}","templated":true}]}}