{"id":12528,"date":"2023-03-29T22:55:03","date_gmt":"2023-07-24T13:15:05","guid":{"rendered":"https:\/\/elasaro.com\/product\/juego-joya-perla-gris-2-collar-pulsera-pendientes-anillo\/"},"modified":"2024-06-23T14:14:14","modified_gmt":"2024-06-23T14:14:14","slug":"gris-perla-joyeria-set-2-collar-pulsera-pendientes-anillo","status":"publish","type":"product","link":"https:\/\/elasaro.com\/es\/producto\/gris-perla-joyeria-set-2-collar-pulsera-pendientes-anillo\/","title":{"rendered":"Gris Perla Joyer\u00eda Set 2 | Collar + Pulsera + Pendientes + Anillo"},"content":{"rendered":"<p>Descripci\u00f3n pr\u00f3ximamente<\/p>\n","protected":false},"excerpt":{"rendered":"<p>Collar De Cuentas | Pulsera De Cuentas | Pendientes Con Tachuelas | Anillo Abierto &#8211; Banda Ajustable<\/p>\n","protected":false},"featured_media":7273,"template":"","meta":{"rank_math_lock_modified_date":false},"product_cat":[1995,1994,1990,1997,1996,2028,1991,1993,232,1808,347],"product_tag":[],"class_list":{"0":"post-12528","1":"product","2":"type-product","3":"status-publish","4":"has-post-thumbnail","6":"product_cat-joyas-zodiaco-cancer","7":"product_cat-joyas-zodiaco-geminis","8":"product_cat-joyas-piedra-natal-junio","9":"product_cat-juegos-joyas-zodiaco-cancer","10":"product_cat-juegos-joyas-zodiaco-geminis","11":"product_cat-grises-juegos-joyas","12":"product_cat-juegos-joyas-perlas","13":"product_cat-juegos-joyas-piedra-natal-junio","14":"product_cat-joyas-perlas","15":"product_cat-grises-joyeria","16":"product_cat-juegos-joyas-piedras-naturales","18":"first","19":"instock","20":"sale","21":"shipping-taxable","22":"purchasable","23":"product-type-variable","24":"has-default-attributes"},"_links":{"self":[{"href":"https:\/\/elasaro.com\/es\/wp-json\/wp\/v2\/product\/12528","targetHints":{"allow":["GET"]}}],"collection":[{"href":"https:\/\/elasaro.com\/es\/wp-json\/wp\/v2\/product"}],"about":[{"href":"https:\/\/elasaro.com\/es\/wp-json\/wp\/v2\/types\/product"}],"wp:featuredmedia":[{"embeddable":true,"href":"https:\/\/elasaro.com\/es\/wp-json\/wp\/v2\/media\/7273"}],"wp:attachment":[{"href":"https:\/\/elasaro.com\/es\/wp-json\/wp\/v2\/media?parent=12528"}],"wp:term":[{"taxonomy":"product_cat","embeddable":true,"href":"https:\/\/elasaro.com\/es\/wp-json\/wp\/v2\/product_cat?post=12528"},{"taxonomy":"product_tag","embeddable":true,"href":"https:\/\/elasaro.com\/es\/wp-json\/wp\/v2\/product_tag?post=12528"}],"curies":[{"name":"wp","href":"https:\/\/api.w.org\/{rel}","templated":true}]}}