{"id":12593,"date":"2023-03-29T17:58:23","date_gmt":"2023-07-24T14:06:18","guid":{"rendered":"https:\/\/elasaro.com\/product\/collar-perlas-ovaladas-asimetricas-grises-plata\/"},"modified":"2024-05-12T17:09:44","modified_gmt":"2024-05-12T17:09:44","slug":"collar-perlas-ovaladas-asimetricas-grises-plata","status":"publish","type":"product","link":"https:\/\/elasaro.com\/es\/producto\/collar-perlas-ovaladas-asimetricas-grises-plata\/","title":{"rendered":"Collar De Perlas Ovaladas Asim\u00e9tricas Grises Con Plata De Ley"},"content":{"rendered":"<p>Descripci\u00f3n pr\u00f3ximamente<\/p>\n","protected":false},"excerpt":{"rendered":"<p>Descripci\u00f3n pr\u00f3ximamente<\/p>\n","protected":false},"featured_media":11764,"template":"","meta":{"rank_math_lock_modified_date":false},"product_cat":[2064,2069,2068,2081,2080,2065,2067,1995,1994,1990,106,232,1808],"product_tag":[],"class_list":{"0":"post-12593","1":"product","2":"type-product","3":"status-publish","4":"has-post-thumbnail","6":"product_cat-collares-ajustable","7":"product_cat-collares-zodiaco-cancer","8":"product_cat-collares-zodiaco-geminis","9":"product_cat-grises-collares","10":"product_cat-collares-cuentas","11":"product_cat-collares-perlas","12":"product_cat-collares-piedra-natal-junio","13":"product_cat-joyas-zodiaco-cancer","14":"product_cat-joyas-zodiaco-geminis","15":"product_cat-joyas-piedra-natal-junio","16":"product_cat-collares-piedras-naturales","17":"product_cat-joyas-perlas","18":"product_cat-grises-joyeria","20":"first","21":"instock","22":"shipping-taxable","23":"purchasable","24":"product-type-simple"},"_links":{"self":[{"href":"https:\/\/elasaro.com\/es\/wp-json\/wp\/v2\/product\/12593","targetHints":{"allow":["GET"]}}],"collection":[{"href":"https:\/\/elasaro.com\/es\/wp-json\/wp\/v2\/product"}],"about":[{"href":"https:\/\/elasaro.com\/es\/wp-json\/wp\/v2\/types\/product"}],"wp:featuredmedia":[{"embeddable":true,"href":"https:\/\/elasaro.com\/es\/wp-json\/wp\/v2\/media\/11764"}],"wp:attachment":[{"href":"https:\/\/elasaro.com\/es\/wp-json\/wp\/v2\/media?parent=12593"}],"wp:term":[{"taxonomy":"product_cat","embeddable":true,"href":"https:\/\/elasaro.com\/es\/wp-json\/wp\/v2\/product_cat?post=12593"},{"taxonomy":"product_tag","embeddable":true,"href":"https:\/\/elasaro.com\/es\/wp-json\/wp\/v2\/product_tag?post=12593"}],"curies":[{"name":"wp","href":"https:\/\/api.w.org\/{rel}","templated":true}]}}