{"id":12596,"date":"2023-03-29T13:06:07","date_gmt":"2023-07-24T14:26:22","guid":{"rendered":"https:\/\/elasaro.com\/product\/set-joyas-de-nacar-beige-collar-pulsera-pendientes\/"},"modified":"2024-05-12T17:11:06","modified_gmt":"2024-05-12T17:11:06","slug":"set-joyas-de-nacar-beige-collar-pulsera-pendientes","status":"publish","type":"product","link":"https:\/\/elasaro.com\/es\/producto\/set-joyas-de-nacar-beige-collar-pulsera-pendientes\/","title":{"rendered":"Set De Joyas De N\u00e1car Beige | Collar + Pulsera + Pendientes"},"content":{"rendered":"<p>Descripci\u00f3n pr\u00f3ximamente<\/p>\n","protected":false},"excerpt":{"rendered":"<p>Collar De Barra | Pulsera De Barra | Pendientes Colgantes<\/p>\n","protected":false},"featured_media":11706,"template":"","meta":{"rank_math_lock_modified_date":false},"product_cat":[1992,2102,300,1796,347],"product_tag":[],"class_list":{"0":"post-12596","1":"product","2":"type-product","3":"status-publish","4":"has-post-thumbnail","6":"product_cat-beige-juegos-joyas","7":"product_cat-juegos-joyas-nacar","8":"product_cat-joyas-de-nacar","9":"product_cat-beige-joyeria","10":"product_cat-juegos-joyas-piedras-naturales","12":"first","13":"instock","14":"sale","15":"shipping-taxable","16":"purchasable","17":"product-type-simple"},"_links":{"self":[{"href":"https:\/\/elasaro.com\/es\/wp-json\/wp\/v2\/product\/12596","targetHints":{"allow":["GET"]}}],"collection":[{"href":"https:\/\/elasaro.com\/es\/wp-json\/wp\/v2\/product"}],"about":[{"href":"https:\/\/elasaro.com\/es\/wp-json\/wp\/v2\/types\/product"}],"wp:featuredmedia":[{"embeddable":true,"href":"https:\/\/elasaro.com\/es\/wp-json\/wp\/v2\/media\/11706"}],"wp:attachment":[{"href":"https:\/\/elasaro.com\/es\/wp-json\/wp\/v2\/media?parent=12596"}],"wp:term":[{"taxonomy":"product_cat","embeddable":true,"href":"https:\/\/elasaro.com\/es\/wp-json\/wp\/v2\/product_cat?post=12596"},{"taxonomy":"product_tag","embeddable":true,"href":"https:\/\/elasaro.com\/es\/wp-json\/wp\/v2\/product_tag?post=12596"}],"curies":[{"name":"wp","href":"https:\/\/api.w.org\/{rel}","templated":true}]}}