{"id":12599,"date":"2023-03-29T12:23:51","date_gmt":"2023-07-25T09:29:32","guid":{"rendered":"https:\/\/elasaro.com\/product\/pendientes-colgantes-nacar-redondo-beige-plata\/"},"modified":"2024-05-12T17:11:21","modified_gmt":"2024-05-12T17:11:21","slug":"pendientes-colgantes-nacar-redondo-beige-plata","status":"publish","type":"product","link":"https:\/\/elasaro.com\/es\/producto\/pendientes-colgantes-nacar-redondo-beige-plata\/","title":{"rendered":"Pendientes Colgantes De N\u00e1car Redondo Beige Con Plata De Ley"},"content":{"rendered":"<p>Descripci\u00f3n pr\u00f3ximamente<\/p>\n","protected":false},"excerpt":{"rendered":"<p>Descripci\u00f3n pr\u00f3ximamente<\/p>\n","protected":false},"featured_media":11741,"template":"","meta":{"rank_math_lock_modified_date":false},"product_cat":[2014,2017,2106,2015,300,1796,102],"product_tag":[],"class_list":{"0":"post-12599","1":"product","2":"type-product","3":"status-publish","4":"has-post-thumbnail","6":"product_cat-pendientes-colgantes","7":"product_cat-beige-pendientes","8":"product_cat-pendientes-nacar","9":"product_cat-pendientes-palanca","10":"product_cat-joyas-de-nacar","11":"product_cat-beige-joyeria","12":"product_cat-pendientes-piedra-natural","14":"first","15":"instock","16":"shipping-taxable","17":"purchasable","18":"product-type-simple"},"_links":{"self":[{"href":"https:\/\/elasaro.com\/es\/wp-json\/wp\/v2\/product\/12599","targetHints":{"allow":["GET"]}}],"collection":[{"href":"https:\/\/elasaro.com\/es\/wp-json\/wp\/v2\/product"}],"about":[{"href":"https:\/\/elasaro.com\/es\/wp-json\/wp\/v2\/types\/product"}],"wp:featuredmedia":[{"embeddable":true,"href":"https:\/\/elasaro.com\/es\/wp-json\/wp\/v2\/media\/11741"}],"wp:attachment":[{"href":"https:\/\/elasaro.com\/es\/wp-json\/wp\/v2\/media?parent=12599"}],"wp:term":[{"taxonomy":"product_cat","embeddable":true,"href":"https:\/\/elasaro.com\/es\/wp-json\/wp\/v2\/product_cat?post=12599"},{"taxonomy":"product_tag","embeddable":true,"href":"https:\/\/elasaro.com\/es\/wp-json\/wp\/v2\/product_tag?post=12599"}],"curies":[{"name":"wp","href":"https:\/\/api.w.org\/{rel}","templated":true}]}}