{"id":12601,"date":"2023-03-29T12:14:59","date_gmt":"2023-07-25T09:33:05","guid":{"rendered":"https:\/\/elasaro.com\/product\/pulsera-redonda-nacar-beige-plata-ley\/"},"modified":"2024-05-12T17:11:31","modified_gmt":"2024-05-12T17:11:31","slug":"pulsera-redonda-nacar-beige-plata-ley","status":"publish","type":"product","link":"https:\/\/elasaro.com\/es\/producto\/pulsera-redonda-nacar-beige-plata-ley\/","title":{"rendered":"Pulsera Redonda De N\u00e1car Beige Con Plata De Ley"},"content":{"rendered":"<p>Descripci\u00f3n pr\u00f3ximamente<\/p>\n","protected":false},"excerpt":{"rendered":"<p>Descripci\u00f3n pr\u00f3ximamente<\/p>\n","protected":false},"featured_media":11716,"template":"","meta":{"rank_math_lock_modified_date":false},"product_cat":[2029,2108,2031,2109,300,1796,98],"product_tag":[],"class_list":{"0":"post-12601","1":"product","2":"type-product","3":"status-publish","4":"has-post-thumbnail","6":"product_cat-pulseras-ajustable","7":"product_cat-pulseras-barra","8":"product_cat-beige-pulseras","9":"product_cat-pulseras-nacar","10":"product_cat-joyas-de-nacar","11":"product_cat-beige-joyeria","12":"product_cat-pulsera-piedra-natural","14":"first","15":"instock","16":"shipping-taxable","17":"purchasable","18":"product-type-simple"},"_links":{"self":[{"href":"https:\/\/elasaro.com\/es\/wp-json\/wp\/v2\/product\/12601","targetHints":{"allow":["GET"]}}],"collection":[{"href":"https:\/\/elasaro.com\/es\/wp-json\/wp\/v2\/product"}],"about":[{"href":"https:\/\/elasaro.com\/es\/wp-json\/wp\/v2\/types\/product"}],"wp:featuredmedia":[{"embeddable":true,"href":"https:\/\/elasaro.com\/es\/wp-json\/wp\/v2\/media\/11716"}],"wp:attachment":[{"href":"https:\/\/elasaro.com\/es\/wp-json\/wp\/v2\/media?parent=12601"}],"wp:term":[{"taxonomy":"product_cat","embeddable":true,"href":"https:\/\/elasaro.com\/es\/wp-json\/wp\/v2\/product_cat?post=12601"},{"taxonomy":"product_tag","embeddable":true,"href":"https:\/\/elasaro.com\/es\/wp-json\/wp\/v2\/product_tag?post=12601"}],"curies":[{"name":"wp","href":"https:\/\/api.w.org\/{rel}","templated":true}]}}