{"id":12608,"date":"2023-03-29T02:47:17","date_gmt":"2023-07-25T09:56:37","guid":{"rendered":"https:\/\/elasaro.com\/product\/blanco-madre-perla-joyeria-set-2-collar-pulsera-pendientes\/"},"modified":"2024-05-12T17:11:31","modified_gmt":"2024-05-12T17:11:31","slug":"blanco-madre-perla-joyeria-set-2-collar-pulsera-pendientes","status":"publish","type":"product","link":"https:\/\/elasaro.com\/es\/producto\/blanco-madre-perla-joyeria-set-2-collar-pulsera-pendientes\/","title":{"rendered":"Blanco Madre De Perla Joyer\u00eda Set 2 | Collar + Pulsera + Pendientes"},"content":{"rendered":"<p>Descripci\u00f3n pr\u00f3ximamente<\/p>\n","protected":false},"excerpt":{"rendered":"<p>Collar Colgante | Pulsera Cuentas | Pendientes Colgantes<\/p>\n","protected":false},"featured_media":7929,"template":"","meta":{"rank_math_lock_modified_date":false},"product_cat":[2107,2102,300,1822,347],"product_tag":[],"class_list":{"0":"post-12608","1":"product","2":"type-product","3":"status-publish","4":"has-post-thumbnail","6":"product_cat-blancas-juegos-joyas","7":"product_cat-juegos-joyas-nacar","8":"product_cat-joyas-de-nacar","9":"product_cat-blancas-joyeria","10":"product_cat-juegos-joyas-piedras-naturales","12":"first","13":"instock","14":"sale","15":"shipping-taxable","16":"purchasable","17":"product-type-simple"},"_links":{"self":[{"href":"https:\/\/elasaro.com\/es\/wp-json\/wp\/v2\/product\/12608","targetHints":{"allow":["GET"]}}],"collection":[{"href":"https:\/\/elasaro.com\/es\/wp-json\/wp\/v2\/product"}],"about":[{"href":"https:\/\/elasaro.com\/es\/wp-json\/wp\/v2\/types\/product"}],"wp:featuredmedia":[{"embeddable":true,"href":"https:\/\/elasaro.com\/es\/wp-json\/wp\/v2\/media\/7929"}],"wp:attachment":[{"href":"https:\/\/elasaro.com\/es\/wp-json\/wp\/v2\/media?parent=12608"}],"wp:term":[{"taxonomy":"product_cat","embeddable":true,"href":"https:\/\/elasaro.com\/es\/wp-json\/wp\/v2\/product_cat?post=12608"},{"taxonomy":"product_tag","embeddable":true,"href":"https:\/\/elasaro.com\/es\/wp-json\/wp\/v2\/product_tag?post=12608"}],"curies":[{"name":"wp","href":"https:\/\/api.w.org\/{rel}","templated":true}]}}