{"id":12661,"date":"2023-03-04T01:13:24","date_gmt":"2023-07-25T11:59:00","guid":{"rendered":"https:\/\/elasaro.com\/product\/anillo-amatista-purpura-redondo-plano-plata-ley-ajustable\/"},"modified":"2024-05-12T17:14:06","modified_gmt":"2024-05-12T17:14:06","slug":"anillo-amatista-purpura-redondo-plano-plata-ley-ajustable","status":"publish","type":"product","link":"https:\/\/elasaro.com\/es\/producto\/anillo-amatista-purpura-redondo-plano-plata-ley-ajustable\/","title":{"rendered":"Anillo De Amatista P\u00farpura Redondo Plano Con Plata De Ley &#8211; Banda Ajustable"},"content":{"rendered":"<p>Descripci\u00f3n pr\u00f3ximamente<\/p>\n","protected":false},"excerpt":{"rendered":"<p>Descripci\u00f3n pr\u00f3ximamente<\/p>\n","protected":false},"featured_media":10202,"template":"","meta":{"rank_math_lock_modified_date":false},"product_cat":[2090,2184,2180,2182,2185,2181,2173,2172,2174,2178,2175,2177,2179,2176,2171,117,222,1816],"product_tag":[],"class_list":{"0":"post-12661","1":"product","2":"type-product","3":"status-publish","4":"has-post-thumbnail","6":"product_cat-anillos-ajustable","7":"product_cat-anillos-zodiaco-acuario","8":"product_cat-anillos-zodiaco-aries","9":"product_cat-anillos-zodiaco-capricornio","10":"product_cat-anillos-zodiaco-piscis","11":"product_cat-anillos-zodiaco-sagitario","12":"product_cat-moradas-anillos","13":"product_cat-anillos-amatista","14":"product_cat-anillos-piedra-natal-febrero","15":"product_cat-joyas-zodiaco-acuario","16":"product_cat-joyas-zodiaco-aries","17":"product_cat-joyas-zodiaco-capricornio","18":"product_cat-joyas-zodiaco-piscis","19":"product_cat-joyas-zodiaco-sagitario","20":"product_cat-joyas-piedra-natal-febrero","21":"product_cat-anillos-piedras-naturales","22":"product_cat-joyas-amatista","23":"product_cat-moradas-joyeria","25":"first","26":"instock","27":"shipping-taxable","28":"purchasable","29":"product-type-variable","30":"has-default-attributes"},"_links":{"self":[{"href":"https:\/\/elasaro.com\/es\/wp-json\/wp\/v2\/product\/12661","targetHints":{"allow":["GET"]}}],"collection":[{"href":"https:\/\/elasaro.com\/es\/wp-json\/wp\/v2\/product"}],"about":[{"href":"https:\/\/elasaro.com\/es\/wp-json\/wp\/v2\/types\/product"}],"wp:featuredmedia":[{"embeddable":true,"href":"https:\/\/elasaro.com\/es\/wp-json\/wp\/v2\/media\/10202"}],"wp:attachment":[{"href":"https:\/\/elasaro.com\/es\/wp-json\/wp\/v2\/media?parent=12661"}],"wp:term":[{"taxonomy":"product_cat","embeddable":true,"href":"https:\/\/elasaro.com\/es\/wp-json\/wp\/v2\/product_cat?post=12661"},{"taxonomy":"product_tag","embeddable":true,"href":"https:\/\/elasaro.com\/es\/wp-json\/wp\/v2\/product_tag?post=12661"}],"curies":[{"name":"wp","href":"https:\/\/api.w.org\/{rel}","templated":true}]}}