{"id":12672,"date":"2023-03-04T00:53:28","date_gmt":"2023-07-25T13:37:13","guid":{"rendered":"https:\/\/elasaro.com\/product\/pendientes-redondos-planos-amatista-purpura-plata-ley\/"},"modified":"2024-05-12T17:15:29","modified_gmt":"2024-05-12T17:15:29","slug":"pendientes-redondos-planos-amatista-purpura-plata-ley","status":"publish","type":"product","link":"https:\/\/elasaro.com\/es\/producto\/pendientes-redondos-planos-amatista-purpura-plata-ley\/","title":{"rendered":"Pendientes Redondos Planos De Amatista P\u00farpura Con Plata De Ley"},"content":{"rendered":"<p>Descripci\u00f3n pr\u00f3ximamente<\/p>\n","protected":false},"excerpt":{"rendered":"<p>Descripci\u00f3n pr\u00f3ximamente<\/p>\n","protected":false},"featured_media":10175,"template":"","meta":{"rank_math_lock_modified_date":false},"product_cat":[2178,2175,2177,2179,2176,2171,2222,2219,2221,2223,2220,2217,2215,2218,2050,222,1816,102],"product_tag":[],"class_list":{"0":"post-12672","1":"product","2":"type-product","3":"status-publish","4":"has-post-thumbnail","6":"product_cat-joyas-zodiaco-acuario","7":"product_cat-joyas-zodiaco-aries","8":"product_cat-joyas-zodiaco-capricornio","9":"product_cat-joyas-zodiaco-piscis","10":"product_cat-joyas-zodiaco-sagitario","11":"product_cat-joyas-piedra-natal-febrero","12":"product_cat-pendientes-zodiaco-acuario","13":"product_cat-pendientes-zodiaco-aries","14":"product_cat-pendientes-zodiaco-capricornio","15":"product_cat-pendientes-zodiaco-piscis","16":"product_cat-pendientes-zodiaco-sagitario","17":"product_cat-moradas-pendientes","18":"product_cat-pendientes-amatista","19":"product_cat-pendientes-piedra-natal-febrero","20":"product_cat-pendientes-tuerca","21":"product_cat-joyas-amatista","22":"product_cat-moradas-joyeria","23":"product_cat-pendientes-piedra-natural","25":"first","26":"instock","27":"shipping-taxable","28":"purchasable","29":"product-type-simple"},"_links":{"self":[{"href":"https:\/\/elasaro.com\/es\/wp-json\/wp\/v2\/product\/12672","targetHints":{"allow":["GET"]}}],"collection":[{"href":"https:\/\/elasaro.com\/es\/wp-json\/wp\/v2\/product"}],"about":[{"href":"https:\/\/elasaro.com\/es\/wp-json\/wp\/v2\/types\/product"}],"wp:featuredmedia":[{"embeddable":true,"href":"https:\/\/elasaro.com\/es\/wp-json\/wp\/v2\/media\/10175"}],"wp:attachment":[{"href":"https:\/\/elasaro.com\/es\/wp-json\/wp\/v2\/media?parent=12672"}],"wp:term":[{"taxonomy":"product_cat","embeddable":true,"href":"https:\/\/elasaro.com\/es\/wp-json\/wp\/v2\/product_cat?post=12672"},{"taxonomy":"product_tag","embeddable":true,"href":"https:\/\/elasaro.com\/es\/wp-json\/wp\/v2\/product_tag?post=12672"}],"curies":[{"name":"wp","href":"https:\/\/api.w.org\/{rel}","templated":true}]}}