{"id":12675,"date":"2023-03-04T00:33:46","date_gmt":"2023-07-25T13:40:30","guid":{"rendered":"https:\/\/elasaro.com\/product\/purpura-ronda-plana-amatista-pulsera-plata-ley\/"},"modified":"2024-05-12T17:15:58","modified_gmt":"2024-05-12T17:15:58","slug":"purpura-ronda-plana-amatista-pulsera-plata-ley","status":"publish","type":"product","link":"https:\/\/elasaro.com\/es\/producto\/purpura-ronda-plana-amatista-pulsera-plata-ley\/","title":{"rendered":"P\u00farpura Ronda Plana Amatista Pulsera Con Plata De Ley"},"content":{"rendered":"<p>Descripci\u00f3n pr\u00f3ximamente<\/p>\n","protected":false},"excerpt":{"rendered":"<p>Descripci\u00f3n pr\u00f3ximamente<\/p>\n","protected":false},"featured_media":10157,"template":"","meta":{"rank_math_lock_modified_date":false},"product_cat":[2178,2175,2177,2179,2176,2171,2029,2027,2254,2251,2253,2255,2252,2248,2247,2250,222,1816,98],"product_tag":[],"class_list":{"0":"post-12675","1":"product","2":"type-product","3":"status-publish","4":"has-post-thumbnail","6":"product_cat-joyas-zodiaco-acuario","7":"product_cat-joyas-zodiaco-aries","8":"product_cat-joyas-zodiaco-capricornio","9":"product_cat-joyas-zodiaco-piscis","10":"product_cat-joyas-zodiaco-sagitario","11":"product_cat-joyas-piedra-natal-febrero","12":"product_cat-pulseras-ajustable","13":"product_cat-pulseras-cadena-de-cuentas","14":"product_cat-pulseras-zodiaco-acuario","15":"product_cat-pulseras-zodiaco-aries","16":"product_cat-pulseras-zodiaco-capricornio","17":"product_cat-pulseras-zodiaco-piscis","18":"product_cat-pulseras-zodiaco-sagitario","19":"product_cat-moradas-pulseras","20":"product_cat-pulseras-amatista","21":"product_cat-pulseras-piedra-natal-febrero","22":"product_cat-joyas-amatista","23":"product_cat-moradas-joyeria","24":"product_cat-pulsera-piedra-natural","26":"first","27":"instock","28":"shipping-taxable","29":"purchasable","30":"product-type-simple"},"_links":{"self":[{"href":"https:\/\/elasaro.com\/es\/wp-json\/wp\/v2\/product\/12675","targetHints":{"allow":["GET"]}}],"collection":[{"href":"https:\/\/elasaro.com\/es\/wp-json\/wp\/v2\/product"}],"about":[{"href":"https:\/\/elasaro.com\/es\/wp-json\/wp\/v2\/types\/product"}],"wp:featuredmedia":[{"embeddable":true,"href":"https:\/\/elasaro.com\/es\/wp-json\/wp\/v2\/media\/10157"}],"wp:attachment":[{"href":"https:\/\/elasaro.com\/es\/wp-json\/wp\/v2\/media?parent=12675"}],"wp:term":[{"taxonomy":"product_cat","embeddable":true,"href":"https:\/\/elasaro.com\/es\/wp-json\/wp\/v2\/product_cat?post=12675"},{"taxonomy":"product_tag","embeddable":true,"href":"https:\/\/elasaro.com\/es\/wp-json\/wp\/v2\/product_tag?post=12675"}],"curies":[{"name":"wp","href":"https:\/\/api.w.org\/{rel}","templated":true}]}}