{"id":12679,"date":"2023-03-04T00:03:13","date_gmt":"2023-07-25T13:43:25","guid":{"rendered":"https:\/\/elasaro.com\/product\/collar-colgante-amatista-lagrima-plana-purpura-plata-ley\/"},"modified":"2024-05-12T17:16:11","modified_gmt":"2024-05-12T17:16:11","slug":"collar-colgante-amatista-lagrima-plana-purpura-plata-ley","status":"publish","type":"product","link":"https:\/\/elasaro.com\/es\/producto\/collar-colgante-amatista-lagrima-plana-purpura-plata-ley\/","title":{"rendered":"Collar De Colgante De Amatista De L\u00e1grima Plana P\u00farpura Con Plata De Ley"},"content":{"rendered":"<p>Descripci\u00f3n pr\u00f3ximamente<\/p>\n","protected":false},"excerpt":{"rendered":"<p>Descripci\u00f3n pr\u00f3ximamente<\/p>\n","protected":false},"featured_media":10128,"template":"","meta":{"rank_math_lock_modified_date":false},"product_cat":[2064,2271,2284,2277,2282,2286,2279,2273,2275,2178,2175,2177,2179,2176,2171,106,222,1816],"product_tag":[],"class_list":{"0":"post-12679","1":"product","2":"type-product","3":"status-publish","4":"has-post-thumbnail","6":"product_cat-collares-ajustable","7":"product_cat-collares-colgantes","8":"product_cat-collares-zodiaco-acuario","9":"product_cat-collares-zodiaco-aries","10":"product_cat-collares-zodiaco-capricornio","11":"product_cat-collares-zodiaco-piscis","12":"product_cat-collares-zodiaco-sagitario","13":"product_cat-moradas-collares","14":"product_cat-collares-piedra-natal-febrero","15":"product_cat-joyas-zodiaco-acuario","16":"product_cat-joyas-zodiaco-aries","17":"product_cat-joyas-zodiaco-capricornio","18":"product_cat-joyas-zodiaco-piscis","19":"product_cat-joyas-zodiaco-sagitario","20":"product_cat-joyas-piedra-natal-febrero","21":"product_cat-collares-piedras-naturales","22":"product_cat-joyas-amatista","23":"product_cat-moradas-joyeria","25":"first","26":"outofstock","27":"shipping-taxable","28":"purchasable","29":"product-type-variable","30":"has-default-attributes"},"_links":{"self":[{"href":"https:\/\/elasaro.com\/es\/wp-json\/wp\/v2\/product\/12679","targetHints":{"allow":["GET"]}}],"collection":[{"href":"https:\/\/elasaro.com\/es\/wp-json\/wp\/v2\/product"}],"about":[{"href":"https:\/\/elasaro.com\/es\/wp-json\/wp\/v2\/types\/product"}],"wp:featuredmedia":[{"embeddable":true,"href":"https:\/\/elasaro.com\/es\/wp-json\/wp\/v2\/media\/10128"}],"wp:attachment":[{"href":"https:\/\/elasaro.com\/es\/wp-json\/wp\/v2\/media?parent=12679"}],"wp:term":[{"taxonomy":"product_cat","embeddable":true,"href":"https:\/\/elasaro.com\/es\/wp-json\/wp\/v2\/product_cat?post=12679"},{"taxonomy":"product_tag","embeddable":true,"href":"https:\/\/elasaro.com\/es\/wp-json\/wp\/v2\/product_tag?post=12679"}],"curies":[{"name":"wp","href":"https:\/\/api.w.org\/{rel}","templated":true}]}}