{"id":12693,"date":"2023-03-03T19:15:54","date_gmt":"2023-07-25T14:09:55","guid":{"rendered":"https:\/\/elasaro.com\/product\/pulsera-cuentas-agata-negra-redonda-tallas-multiples-plata-ley\/"},"modified":"2024-05-12T17:16:25","modified_gmt":"2024-05-12T17:16:25","slug":"pulsera-cuentas-agata-negra-redonda-tallas-multiples-plata-ley","status":"publish","type":"product","link":"https:\/\/elasaro.com\/es\/producto\/pulsera-cuentas-agata-negra-redonda-tallas-multiples-plata-ley\/","title":{"rendered":"Pulsera De Cuentas De Agata Negra Redonda (Tallas M\u00faltiples) Con Plata De Ley"},"content":{"rendered":"<p>Descripci\u00f3n pr\u00f3ximamente<\/p>\n","protected":false},"excerpt":{"rendered":"<p>Descripci\u00f3n pr\u00f3ximamente<\/p>\n","protected":false},"featured_media":10089,"template":"","meta":{"rank_math_lock_modified_date":false},"product_cat":[1994,2265,2179,2263,2256,2029,2033,2299,2255,2298,2295,2293,2122,2297,224,1798,98],"product_tag":[],"class_list":{"0":"post-12693","1":"product","2":"type-product","3":"status-publish","4":"has-post-thumbnail","6":"product_cat-joyas-zodiaco-geminis","7":"product_cat-joyas-zodiaco-libra","8":"product_cat-joyas-zodiaco-piscis","9":"product_cat-joyas-zodiaco-virgo","10":"product_cat-joyas-piedra-natal-mayo","11":"product_cat-pulseras-ajustable","12":"product_cat-pulseras-zodiaco-geminis","13":"product_cat-pulseras-zodiaco-libra","14":"product_cat-pulseras-zodiaco-piscis","15":"product_cat-pulseras-zodiaco-virgo","16":"product_cat-negras-pulseras","17":"product_cat-pulseras-agata","18":"product_cat-pulseras-cuentas","19":"product_cat-pulseras-piedra-natal-mayo","20":"product_cat-joyas-agata","21":"product_cat-negras-joyeria","22":"product_cat-pulsera-piedra-natural","24":"first","25":"instock","26":"shipping-taxable","27":"purchasable","28":"product-type-simple"},"_links":{"self":[{"href":"https:\/\/elasaro.com\/es\/wp-json\/wp\/v2\/product\/12693","targetHints":{"allow":["GET"]}}],"collection":[{"href":"https:\/\/elasaro.com\/es\/wp-json\/wp\/v2\/product"}],"about":[{"href":"https:\/\/elasaro.com\/es\/wp-json\/wp\/v2\/types\/product"}],"wp:featuredmedia":[{"embeddable":true,"href":"https:\/\/elasaro.com\/es\/wp-json\/wp\/v2\/media\/10089"}],"wp:attachment":[{"href":"https:\/\/elasaro.com\/es\/wp-json\/wp\/v2\/media?parent=12693"}],"wp:term":[{"taxonomy":"product_cat","embeddable":true,"href":"https:\/\/elasaro.com\/es\/wp-json\/wp\/v2\/product_cat?post=12693"},{"taxonomy":"product_tag","embeddable":true,"href":"https:\/\/elasaro.com\/es\/wp-json\/wp\/v2\/product_tag?post=12693"}],"curies":[{"name":"wp","href":"https:\/\/api.w.org\/{rel}","templated":true}]}}