{"id":12700,"date":"2023-03-03T18:56:32","date_gmt":"2023-07-25T14:13:43","guid":{"rendered":"https:\/\/elasaro.com\/product\/collar-colgante-agata-ovalada-plana-negra-plata-ley\/"},"modified":"2024-05-12T17:16:46","modified_gmt":"2024-05-12T17:16:46","slug":"collar-colgante-agata-ovalada-plana-negra-plata-ley","status":"publish","type":"product","link":"https:\/\/elasaro.com\/es\/producto\/collar-colgante-agata-ovalada-plana-negra-plata-ley\/","title":{"rendered":"Collar Colgante \u00c1gata Ovalada Plana Negra Con Plata De Ley"},"content":{"rendered":"<p>Descripci\u00f3n pr\u00f3ximamente<\/p>\n","protected":false},"excerpt":{"rendered":"<p>Descripci\u00f3n pr\u00f3ximamente<\/p>\n","protected":false},"featured_media":10053,"template":"","meta":{"rank_math_lock_modified_date":false},"product_cat":[2064,2068,2330,2286,2328,2324,2322,2326,1994,2265,2179,2263,2256,106,256,224,1798],"product_tag":[],"class_list":{"0":"post-12700","1":"product","2":"type-product","3":"status-publish","4":"has-post-thumbnail","6":"product_cat-collares-ajustable","7":"product_cat-collares-zodiaco-geminis","8":"product_cat-collares-zodiaco-libra","9":"product_cat-collares-zodiaco-piscis","10":"product_cat-collares-zodiaco-virgo","11":"product_cat-negras-collares","12":"product_cat-collares-agata","13":"product_cat-collares-piedra-natal-mayo","14":"product_cat-joyas-zodiaco-geminis","15":"product_cat-joyas-zodiaco-libra","16":"product_cat-joyas-zodiaco-piscis","17":"product_cat-joyas-zodiaco-virgo","18":"product_cat-joyas-piedra-natal-mayo","19":"product_cat-collares-piedras-naturales","20":"product_cat-elasaro-favoritos","21":"product_cat-joyas-agata","22":"product_cat-negras-joyeria","24":"first","25":"instock","26":"shipping-taxable","27":"purchasable","28":"product-type-variable","29":"has-default-attributes"},"_links":{"self":[{"href":"https:\/\/elasaro.com\/es\/wp-json\/wp\/v2\/product\/12700","targetHints":{"allow":["GET"]}}],"collection":[{"href":"https:\/\/elasaro.com\/es\/wp-json\/wp\/v2\/product"}],"about":[{"href":"https:\/\/elasaro.com\/es\/wp-json\/wp\/v2\/types\/product"}],"wp:featuredmedia":[{"embeddable":true,"href":"https:\/\/elasaro.com\/es\/wp-json\/wp\/v2\/media\/10053"}],"wp:attachment":[{"href":"https:\/\/elasaro.com\/es\/wp-json\/wp\/v2\/media?parent=12700"}],"wp:term":[{"taxonomy":"product_cat","embeddable":true,"href":"https:\/\/elasaro.com\/es\/wp-json\/wp\/v2\/product_cat?post=12700"},{"taxonomy":"product_tag","embeddable":true,"href":"https:\/\/elasaro.com\/es\/wp-json\/wp\/v2\/product_tag?post=12700"}],"curies":[{"name":"wp","href":"https:\/\/api.w.org\/{rel}","templated":true}]}}