{"id":12962,"date":"2023-03-03T15:26:13","date_gmt":"2023-07-31T14:42:04","guid":{"rendered":"https:\/\/elasaro.com\/product\/pendientes-colgantes-lagrima-onix-negro-facetado-plata-ley\/"},"modified":"2024-05-12T17:23:35","modified_gmt":"2024-05-12T17:23:35","slug":"pendientes-colgantes-lagrima-onix-negro-facetado-plata-ley","status":"publish","type":"product","link":"https:\/\/elasaro.com\/es\/producto\/pendientes-colgantes-lagrima-onix-negro-facetado-plata-ley\/","title":{"rendered":"Pendientes Colgantes L\u00e1grima Onix Negro Facetado Con Plata De Ley"},"content":{"rendered":"<p>Descripci\u00f3n pr\u00f3ximamente<\/p>\n","protected":false},"excerpt":{"rendered":"<p>Descripci\u00f3n pr\u00f3ximamente<\/p>\n","protected":false},"featured_media":10011,"template":"","meta":{"rank_math_lock_modified_date":false},"product_cat":[2014,2312,2350,231,1798,102],"product_tag":[],"class_list":{"0":"post-12962","1":"product","2":"type-product","3":"status-publish","4":"has-post-thumbnail","6":"product_cat-pendientes-colgantes","7":"product_cat-negras-pendientes","8":"product_cat-pendientes-onix","9":"product_cat-joyas-onix","10":"product_cat-negras-joyeria","11":"product_cat-pendientes-piedra-natural","13":"first","14":"outofstock","15":"shipping-taxable","16":"purchasable","17":"product-type-simple"},"_links":{"self":[{"href":"https:\/\/elasaro.com\/es\/wp-json\/wp\/v2\/product\/12962","targetHints":{"allow":["GET"]}}],"collection":[{"href":"https:\/\/elasaro.com\/es\/wp-json\/wp\/v2\/product"}],"about":[{"href":"https:\/\/elasaro.com\/es\/wp-json\/wp\/v2\/types\/product"}],"wp:featuredmedia":[{"embeddable":true,"href":"https:\/\/elasaro.com\/es\/wp-json\/wp\/v2\/media\/10011"}],"wp:attachment":[{"href":"https:\/\/elasaro.com\/es\/wp-json\/wp\/v2\/media?parent=12962"}],"wp:term":[{"taxonomy":"product_cat","embeddable":true,"href":"https:\/\/elasaro.com\/es\/wp-json\/wp\/v2\/product_cat?post=12962"},{"taxonomy":"product_tag","embeddable":true,"href":"https:\/\/elasaro.com\/es\/wp-json\/wp\/v2\/product_tag?post=12962"}],"curies":[{"name":"wp","href":"https:\/\/api.w.org\/{rel}","templated":true}]}}