{"id":12965,"date":"2023-03-03T14:45:45","date_gmt":"2023-07-31T14:45:49","guid":{"rendered":"https:\/\/elasaro.com\/product\/onyx-negro-redondo-facetado-lagrima-lariat-collar-plata-ley\/"},"modified":"2024-05-12T17:23:50","modified_gmt":"2024-05-12T17:23:50","slug":"onyx-negro-redondo-facetado-lagrima-lariat-collar-plata-ley","status":"publish","type":"product","link":"https:\/\/elasaro.com\/es\/producto\/onyx-negro-redondo-facetado-lagrima-lariat-collar-plata-ley\/","title":{"rendered":"Onyx Negro Redondo Y Facetado L\u00e1grima Lariat Collar Con Plata De Ley &#8211; Ajustable"},"content":{"rendered":"<p>Descripci\u00f3n pr\u00f3ximamente<\/p>\n","protected":false},"excerpt":{"rendered":"<p>Descripci\u00f3n pr\u00f3ximamente<\/p>\n","protected":false},"featured_media":9975,"template":"","meta":{"rank_math_lock_modified_date":false},"product_cat":[2064,2324,2365,2138,106,231,1798],"product_tag":[],"class_list":{"0":"post-12965","1":"product","2":"type-product","3":"status-publish","4":"has-post-thumbnail","6":"product_cat-collares-ajustable","7":"product_cat-negras-collares","8":"product_cat-collares-onix","9":"product_cat-collares-lariat","10":"product_cat-collares-piedras-naturales","11":"product_cat-joyas-onix","12":"product_cat-negras-joyeria","14":"first","15":"outofstock","16":"shipping-taxable","17":"purchasable","18":"product-type-simple"},"_links":{"self":[{"href":"https:\/\/elasaro.com\/es\/wp-json\/wp\/v2\/product\/12965","targetHints":{"allow":["GET"]}}],"collection":[{"href":"https:\/\/elasaro.com\/es\/wp-json\/wp\/v2\/product"}],"about":[{"href":"https:\/\/elasaro.com\/es\/wp-json\/wp\/v2\/types\/product"}],"wp:featuredmedia":[{"embeddable":true,"href":"https:\/\/elasaro.com\/es\/wp-json\/wp\/v2\/media\/9975"}],"wp:attachment":[{"href":"https:\/\/elasaro.com\/es\/wp-json\/wp\/v2\/media?parent=12965"}],"wp:term":[{"taxonomy":"product_cat","embeddable":true,"href":"https:\/\/elasaro.com\/es\/wp-json\/wp\/v2\/product_cat?post=12965"},{"taxonomy":"product_tag","embeddable":true,"href":"https:\/\/elasaro.com\/es\/wp-json\/wp\/v2\/product_tag?post=12965"}],"curies":[{"name":"wp","href":"https:\/\/api.w.org\/{rel}","templated":true}]}}