{"id":12974,"date":"2023-03-03T02:46:26","date_gmt":"2023-07-31T15:08:05","guid":{"rendered":"https:\/\/elasaro.com\/product\/pulsera-cuentas-agata-verde-redonda-musgo-plata-ley\/"},"modified":"2024-05-12T17:23:46","modified_gmt":"2024-05-12T17:23:46","slug":"pulsera-cuentas-agata-verde-redonda-musgo-plata-ley","status":"publish","type":"product","link":"https:\/\/elasaro.com\/es\/producto\/pulsera-cuentas-agata-verde-redonda-musgo-plata-ley\/","title":{"rendered":"Pulsera De Cuentas De \u00c1gata Verde Redonda Musgo Con Plata De Ley"},"content":{"rendered":"<p>Descripci\u00f3n pr\u00f3ximamente<\/p>\n","protected":false},"excerpt":{"rendered":"<p>Descripci\u00f3n pr\u00f3ximamente<\/p>\n","protected":false},"featured_media":9942,"template":"","meta":{"rank_math_lock_modified_date":false},"product_cat":[2029,2361,2360,2122,256,224,237,1806,98],"product_tag":[],"class_list":{"0":"post-12974","1":"product","2":"type-product","3":"status-publish","4":"has-post-thumbnail","6":"product_cat-pulseras-ajustable","7":"product_cat-verdes-pulseras","8":"product_cat-pulseras-agata-musgosa","9":"product_cat-pulseras-cuentas","10":"product_cat-elasaro-favoritos","11":"product_cat-joyas-agata","12":"product_cat-joyas-agata-musgosa","13":"product_cat-verdes-joyeria","14":"product_cat-pulsera-piedra-natural","16":"first","17":"instock","18":"shipping-taxable","19":"purchasable","20":"product-type-simple"},"_links":{"self":[{"href":"https:\/\/elasaro.com\/es\/wp-json\/wp\/v2\/product\/12974","targetHints":{"allow":["GET"]}}],"collection":[{"href":"https:\/\/elasaro.com\/es\/wp-json\/wp\/v2\/product"}],"about":[{"href":"https:\/\/elasaro.com\/es\/wp-json\/wp\/v2\/types\/product"}],"wp:featuredmedia":[{"embeddable":true,"href":"https:\/\/elasaro.com\/es\/wp-json\/wp\/v2\/media\/9942"}],"wp:attachment":[{"href":"https:\/\/elasaro.com\/es\/wp-json\/wp\/v2\/media?parent=12974"}],"wp:term":[{"taxonomy":"product_cat","embeddable":true,"href":"https:\/\/elasaro.com\/es\/wp-json\/wp\/v2\/product_cat?post=12974"},{"taxonomy":"product_tag","embeddable":true,"href":"https:\/\/elasaro.com\/es\/wp-json\/wp\/v2\/product_tag?post=12974"}],"curies":[{"name":"wp","href":"https:\/\/api.w.org\/{rel}","templated":true}]}}