{"id":13037,"date":"2023-02-26T18:26:29","date_gmt":"2023-08-01T11:06:25","guid":{"rendered":"https:\/\/elasaro.com\/product\/pendientes-colgantes-opalo-redondo-multicolor-plata-ley\/"},"modified":"2024-05-12T17:26:52","modified_gmt":"2024-05-12T17:26:52","slug":"pendientes-colgantes-opalo-redondo-multicolor-plata-ley","status":"publish","type":"product","link":"https:\/\/elasaro.com\/es\/producto\/pendientes-colgantes-opalo-redondo-multicolor-plata-ley\/","title":{"rendered":"Pendientes Colgantes De \u00d3palo Redondo Multicolor Con Plata De Ley"},"content":{"rendered":"<p>Descripci\u00f3n pr\u00f3ximamente<\/p>\n","protected":false},"excerpt":{"rendered":"<p>Descripci\u00f3n pr\u00f3ximamente<\/p>\n","protected":false},"featured_media":9509,"template":"","meta":{"rank_math_lock_modified_date":false},"product_cat":[2443,2265,2179,2433,2435,2014,2444,2316,2223,2438,2436,2013,2440,2442,354,1810,102],"product_tag":[],"class_list":{"0":"post-13037","1":"product","2":"type-product","3":"status-publish","4":"has-post-thumbnail","6":"product_cat-joyas-zodiaco-escorpio","7":"product_cat-joyas-zodiaco-libra","8":"product_cat-joyas-zodiaco-piscis","9":"product_cat-joyas-piedra-natal-abril","10":"product_cat-joyas-piedra-natal-octubre","11":"product_cat-pendientes-colgantes","12":"product_cat-pendientes-zodiaco-escorpio","13":"product_cat-pendientes-zodiaco-libra","14":"product_cat-pendientes-zodiaco-piscis","15":"product_cat-multicolor-pendientes","16":"product_cat-pendientes-opalo","17":"product_cat-pendientes-gota","18":"product_cat-pendientes-piedra-natal-abril","19":"product_cat-pendientes-piedra-natal-octubre","20":"product_cat-joyas-opalo","21":"product_cat-multicolor-joyeria","22":"product_cat-pendientes-piedra-natural","24":"first","25":"instock","26":"shipping-taxable","27":"purchasable","28":"product-type-simple"},"_links":{"self":[{"href":"https:\/\/elasaro.com\/es\/wp-json\/wp\/v2\/product\/13037","targetHints":{"allow":["GET"]}}],"collection":[{"href":"https:\/\/elasaro.com\/es\/wp-json\/wp\/v2\/product"}],"about":[{"href":"https:\/\/elasaro.com\/es\/wp-json\/wp\/v2\/types\/product"}],"wp:featuredmedia":[{"embeddable":true,"href":"https:\/\/elasaro.com\/es\/wp-json\/wp\/v2\/media\/9509"}],"wp:attachment":[{"href":"https:\/\/elasaro.com\/es\/wp-json\/wp\/v2\/media?parent=13037"}],"wp:term":[{"taxonomy":"product_cat","embeddable":true,"href":"https:\/\/elasaro.com\/es\/wp-json\/wp\/v2\/product_cat?post=13037"},{"taxonomy":"product_tag","embeddable":true,"href":"https:\/\/elasaro.com\/es\/wp-json\/wp\/v2\/product_tag?post=13037"}],"curies":[{"name":"wp","href":"https:\/\/api.w.org\/{rel}","templated":true}]}}