{"id":13040,"date":"2023-02-26T17:53:51","date_gmt":"2023-08-01T11:10:21","guid":{"rendered":"https:\/\/elasaro.com\/product\/pulsera-cadena-cuentas-opalo-redondo-multicolor-plata-ley\/"},"modified":"2024-05-12T17:27:38","modified_gmt":"2024-05-12T17:27:38","slug":"pulsera-cadena-cuentas-opalo-redondo-multicolor-plata-ley","status":"publish","type":"product","link":"https:\/\/elasaro.com\/es\/producto\/pulsera-cadena-cuentas-opalo-redondo-multicolor-plata-ley\/","title":{"rendered":"Pulsera De Cadena De Cuentas De \u00d3palo Redondo Multicolor Con Plata De Ley"},"content":{"rendered":"<p>Descripci\u00f3n pr\u00f3ximamente<\/p>\n","protected":false},"excerpt":{"rendered":"<p>Descripci\u00f3n pr\u00f3ximamente<\/p>\n","protected":false},"featured_media":9489,"template":"","meta":{"rank_math_lock_modified_date":false},"product_cat":[2443,2265,2179,2433,2435,2029,2027,2497,2299,2255,2494,2493,2495,2496,354,1810,98],"product_tag":[],"class_list":{"0":"post-13040","1":"product","2":"type-product","3":"status-publish","4":"has-post-thumbnail","6":"product_cat-joyas-zodiaco-escorpio","7":"product_cat-joyas-zodiaco-libra","8":"product_cat-joyas-zodiaco-piscis","9":"product_cat-joyas-piedra-natal-abril","10":"product_cat-joyas-piedra-natal-octubre","11":"product_cat-pulseras-ajustable","12":"product_cat-pulseras-cadena-de-cuentas","13":"product_cat-pulseras-zodiaco-escorpio","14":"product_cat-pulseras-zodiaco-libra","15":"product_cat-pulseras-zodiaco-piscis","16":"product_cat-multicolor-pulseras","17":"product_cat-pulseras-opalo","18":"product_cat-pulseras-piedra-natal-abril","19":"product_cat-pulseras-piedra-natal-octubre","20":"product_cat-joyas-opalo","21":"product_cat-multicolor-joyeria","22":"product_cat-pulsera-piedra-natural","24":"first","25":"instock","26":"shipping-taxable","27":"purchasable","28":"product-type-simple"},"_links":{"self":[{"href":"https:\/\/elasaro.com\/es\/wp-json\/wp\/v2\/product\/13040","targetHints":{"allow":["GET"]}}],"collection":[{"href":"https:\/\/elasaro.com\/es\/wp-json\/wp\/v2\/product"}],"about":[{"href":"https:\/\/elasaro.com\/es\/wp-json\/wp\/v2\/types\/product"}],"wp:featuredmedia":[{"embeddable":true,"href":"https:\/\/elasaro.com\/es\/wp-json\/wp\/v2\/media\/9489"}],"wp:attachment":[{"href":"https:\/\/elasaro.com\/es\/wp-json\/wp\/v2\/media?parent=13040"}],"wp:term":[{"taxonomy":"product_cat","embeddable":true,"href":"https:\/\/elasaro.com\/es\/wp-json\/wp\/v2\/product_cat?post=13040"},{"taxonomy":"product_tag","embeddable":true,"href":"https:\/\/elasaro.com\/es\/wp-json\/wp\/v2\/product_tag?post=13040"}],"curies":[{"name":"wp","href":"https:\/\/api.w.org\/{rel}","templated":true}]}}