{"id":13049,"date":"2023-02-26T04:04:04","date_gmt":"2023-08-01T11:37:01","guid":{"rendered":"https:\/\/elasaro.com\/product\/pendientes-redondos-arana-granate-rojo-oscuro-plata-ley\/"},"modified":"2024-05-12T17:28:39","modified_gmt":"2024-05-12T17:28:39","slug":"pendientes-redondos-arana-granate-rojo-oscuro-plata-ley","status":"publish","type":"product","link":"https:\/\/elasaro.com\/es\/producto\/pendientes-redondos-arana-granate-rojo-oscuro-plata-ley\/","title":{"rendered":"Pendientes Redondos De Ara\u00f1a De Granate Rojo Oscuro Con Plata De Ley"},"content":{"rendered":"<p>Descripci\u00f3n pr\u00f3ximamente<\/p>\n","protected":false},"excerpt":{"rendered":"<p>Descripci\u00f3n pr\u00f3ximamente<\/p>\n","protected":false},"featured_media":9430,"template":"","meta":{"rank_math_lock_modified_date":false},"product_cat":[2178,2177,2263,2460,2507,2222,2221,2314,2408,2509,2510,229,1818,102],"product_tag":[],"class_list":{"0":"post-13049","1":"product","2":"type-product","3":"status-publish","4":"has-post-thumbnail","6":"product_cat-joyas-zodiaco-acuario","7":"product_cat-joyas-zodiaco-capricornio","8":"product_cat-joyas-zodiaco-virgo","9":"product_cat-joyas-piedra-natal-enero","10":"product_cat-pendientes-chandelier-arana","11":"product_cat-pendientes-zodiaco-acuario","12":"product_cat-pendientes-zodiaco-capricornio","13":"product_cat-pendientes-zodiaco-virgo","14":"product_cat-rojas-pendientes","15":"product_cat-pendientes-granate","16":"product_cat-pendientes-piedra-natal-enero","17":"product_cat-joyas-granate","18":"product_cat-rojas-joyeria","19":"product_cat-pendientes-piedra-natural","21":"first","22":"instock","23":"shipping-taxable","24":"purchasable","25":"product-type-simple"},"_links":{"self":[{"href":"https:\/\/elasaro.com\/es\/wp-json\/wp\/v2\/product\/13049","targetHints":{"allow":["GET"]}}],"collection":[{"href":"https:\/\/elasaro.com\/es\/wp-json\/wp\/v2\/product"}],"about":[{"href":"https:\/\/elasaro.com\/es\/wp-json\/wp\/v2\/types\/product"}],"wp:featuredmedia":[{"embeddable":true,"href":"https:\/\/elasaro.com\/es\/wp-json\/wp\/v2\/media\/9430"}],"wp:attachment":[{"href":"https:\/\/elasaro.com\/es\/wp-json\/wp\/v2\/media?parent=13049"}],"wp:term":[{"taxonomy":"product_cat","embeddable":true,"href":"https:\/\/elasaro.com\/es\/wp-json\/wp\/v2\/product_cat?post=13049"},{"taxonomy":"product_tag","embeddable":true,"href":"https:\/\/elasaro.com\/es\/wp-json\/wp\/v2\/product_tag?post=13049"}],"curies":[{"name":"wp","href":"https:\/\/api.w.org\/{rel}","templated":true}]}}