{"id":13157,"date":"2023-02-23T00:50:23","date_gmt":"2023-08-01T16:03:13","guid":{"rendered":"https:\/\/elasaro.com\/product\/pendientes-arana-amazonita-redonda-facetada-azul-claro-plata-ley\/"},"modified":"2023-08-08T10:34:38","modified_gmt":"2023-08-08T10:34:38","slug":"pendientes-arana-amazonita-redonda-facetada-azul-claro-plata-ley","status":"publish","type":"product","link":"https:\/\/elasaro.com\/es\/producto\/pendientes-arana-amazonita-redonda-facetada-azul-claro-plata-ley\/","title":{"rendered":"Pendientes Ara\u00f1a De Amazonita Redonda Facetada Azul Claro Con Plata De Ley"},"content":{"rendered":"<p>Descripci\u00f3n pr\u00f3ximamente<\/p>\n","protected":false},"excerpt":{"rendered":"<p>Descripci\u00f3n pr\u00f3ximamente<\/p>\n","protected":false},"featured_media":8985,"template":"","meta":{"rank_math_lock_modified_date":false},"product_cat":[256,352,102],"product_tag":[],"class_list":{"0":"post-13157","1":"product","2":"type-product","3":"status-publish","4":"has-post-thumbnail","6":"product_cat-elasaro-favoritos","7":"product_cat-joyas-amazonita","8":"product_cat-pendientes-piedra-natural","10":"first","11":"instock","12":"shipping-taxable","13":"purchasable","14":"product-type-simple"},"_links":{"self":[{"href":"https:\/\/elasaro.com\/es\/wp-json\/wp\/v2\/product\/13157","targetHints":{"allow":["GET"]}}],"collection":[{"href":"https:\/\/elasaro.com\/es\/wp-json\/wp\/v2\/product"}],"about":[{"href":"https:\/\/elasaro.com\/es\/wp-json\/wp\/v2\/types\/product"}],"wp:featuredmedia":[{"embeddable":true,"href":"https:\/\/elasaro.com\/es\/wp-json\/wp\/v2\/media\/8985"}],"wp:attachment":[{"href":"https:\/\/elasaro.com\/es\/wp-json\/wp\/v2\/media?parent=13157"}],"wp:term":[{"taxonomy":"product_cat","embeddable":true,"href":"https:\/\/elasaro.com\/es\/wp-json\/wp\/v2\/product_cat?post=13157"},{"taxonomy":"product_tag","embeddable":true,"href":"https:\/\/elasaro.com\/es\/wp-json\/wp\/v2\/product_tag?post=13157"}],"curies":[{"name":"wp","href":"https:\/\/api.w.org\/{rel}","templated":true}]}}