{"id":13264,"date":"2023-02-16T04:13:27","date_gmt":"2023-08-02T15:51:35","guid":{"rendered":"https:\/\/elasaro.com\/product\/pendientes-perlas-ovaladas-asimetricas-blancas-enhebradas-plata-ley\/"},"modified":"2023-08-09T09:11:08","modified_gmt":"2023-08-09T09:11:08","slug":"pendientes-perlas-ovaladas-asimetricas-blancas-enhebradas-plata-ley","status":"publish","type":"product","link":"https:\/\/elasaro.com\/es\/producto\/pendientes-perlas-ovaladas-asimetricas-blancas-enhebradas-plata-ley\/","title":{"rendered":"Pendientes De Perlas Ovaladas Asim\u00e9tricas Blancas Enhebradas Con Plata De Ley"},"content":{"rendered":"<p>Descripci\u00f3n pr\u00f3ximamente<\/p>\n","protected":false},"excerpt":{"rendered":"<p>Descripci\u00f3n pr\u00f3ximamente<\/p>\n","protected":false},"featured_media":7971,"template":"","meta":{"rank_math_lock_modified_date":false},"product_cat":[256,232,102],"product_tag":[],"class_list":{"0":"post-13264","1":"product","2":"type-product","3":"status-publish","4":"has-post-thumbnail","6":"product_cat-elasaro-favoritos","7":"product_cat-joyas-perlas","8":"product_cat-pendientes-piedra-natural","10":"first","11":"instock","12":"shipping-taxable","13":"purchasable","14":"product-type-simple"},"_links":{"self":[{"href":"https:\/\/elasaro.com\/es\/wp-json\/wp\/v2\/product\/13264","targetHints":{"allow":["GET"]}}],"collection":[{"href":"https:\/\/elasaro.com\/es\/wp-json\/wp\/v2\/product"}],"about":[{"href":"https:\/\/elasaro.com\/es\/wp-json\/wp\/v2\/types\/product"}],"wp:featuredmedia":[{"embeddable":true,"href":"https:\/\/elasaro.com\/es\/wp-json\/wp\/v2\/media\/7971"}],"wp:attachment":[{"href":"https:\/\/elasaro.com\/es\/wp-json\/wp\/v2\/media?parent=13264"}],"wp:term":[{"taxonomy":"product_cat","embeddable":true,"href":"https:\/\/elasaro.com\/es\/wp-json\/wp\/v2\/product_cat?post=13264"},{"taxonomy":"product_tag","embeddable":true,"href":"https:\/\/elasaro.com\/es\/wp-json\/wp\/v2\/product_tag?post=13264"}],"curies":[{"name":"wp","href":"https:\/\/api.w.org\/{rel}","templated":true}]}}