{"id":13293,"date":"2023-02-03T02:39:45","date_gmt":"2023-08-03T13:47:20","guid":{"rendered":"https:\/\/elasaro.com\/product\/pendientes-rosca-zoisita-rubi-redondo-verde-rosa-plata-ley\/"},"modified":"2023-08-09T09:33:10","modified_gmt":"2023-08-09T09:33:10","slug":"pendientes-rosca-zoisita-rubi-redondo-verde-rosa-plata-ley","status":"publish","type":"product","link":"https:\/\/elasaro.com\/es\/producto\/pendientes-rosca-zoisita-rubi-redondo-verde-rosa-plata-ley\/","title":{"rendered":"Pendientes De Rosca De Zoisita Rub\u00ed Redondo Verde Y Rosa Con Plata De Ley"},"content":{"rendered":"<p>Descripci\u00f3n pr\u00f3ximamente<\/p>\n","protected":false},"excerpt":{"rendered":"<p>Descripci\u00f3n pr\u00f3ximamente<\/p>\n","protected":false},"featured_media":7071,"template":"","meta":{"rank_math_lock_modified_date":false},"product_cat":[254,102],"product_tag":[],"class_list":{"0":"post-13293","1":"product","2":"type-product","3":"status-publish","4":"has-post-thumbnail","6":"product_cat-joyas-rubi-zoisita-anyolita","7":"product_cat-pendientes-piedra-natural","9":"first","10":"instock","11":"shipping-taxable","12":"purchasable","13":"product-type-simple"},"_links":{"self":[{"href":"https:\/\/elasaro.com\/es\/wp-json\/wp\/v2\/product\/13293","targetHints":{"allow":["GET"]}}],"collection":[{"href":"https:\/\/elasaro.com\/es\/wp-json\/wp\/v2\/product"}],"about":[{"href":"https:\/\/elasaro.com\/es\/wp-json\/wp\/v2\/types\/product"}],"wp:featuredmedia":[{"embeddable":true,"href":"https:\/\/elasaro.com\/es\/wp-json\/wp\/v2\/media\/7071"}],"wp:attachment":[{"href":"https:\/\/elasaro.com\/es\/wp-json\/wp\/v2\/media?parent=13293"}],"wp:term":[{"taxonomy":"product_cat","embeddable":true,"href":"https:\/\/elasaro.com\/es\/wp-json\/wp\/v2\/product_cat?post=13293"},{"taxonomy":"product_tag","embeddable":true,"href":"https:\/\/elasaro.com\/es\/wp-json\/wp\/v2\/product_tag?post=13293"}],"curies":[{"name":"wp","href":"https:\/\/api.w.org\/{rel}","templated":true}]}}