{"id":13295,"date":"2023-02-03T01:52:07","date_gmt":"2023-08-03T13:50:47","guid":{"rendered":"https:\/\/elasaro.com\/product\/collar-barras-rubi-redondo-zoisita-verde-rosa-plata-ley\/"},"modified":"2023-08-09T09:40:47","modified_gmt":"2023-08-09T09:40:47","slug":"collar-barras-rubi-redondo-zoisita-verde-rosa-plata-ley","status":"publish","type":"product","link":"https:\/\/elasaro.com\/es\/producto\/collar-barras-rubi-redondo-zoisita-verde-rosa-plata-ley\/","title":{"rendered":"Collar De Barras De Rub\u00ed Redondo Zoisita Verde Y Rosa Con Plata De Ley"},"content":{"rendered":"<p>Descripci\u00f3n pr\u00f3ximamente<\/p>\n","protected":false},"excerpt":{"rendered":"<p>Descripci\u00f3n pr\u00f3ximamente<\/p>\n","protected":false},"featured_media":7014,"template":"","meta":{"rank_math_lock_modified_date":false},"product_cat":[106,254],"product_tag":[],"class_list":{"0":"post-13295","1":"product","2":"type-product","3":"status-publish","4":"has-post-thumbnail","6":"product_cat-collares-piedras-naturales","7":"product_cat-joyas-rubi-zoisita-anyolita","9":"first","10":"instock","11":"shipping-taxable","12":"purchasable","13":"product-type-simple"},"_links":{"self":[{"href":"https:\/\/elasaro.com\/es\/wp-json\/wp\/v2\/product\/13295","targetHints":{"allow":["GET"]}}],"collection":[{"href":"https:\/\/elasaro.com\/es\/wp-json\/wp\/v2\/product"}],"about":[{"href":"https:\/\/elasaro.com\/es\/wp-json\/wp\/v2\/types\/product"}],"wp:featuredmedia":[{"embeddable":true,"href":"https:\/\/elasaro.com\/es\/wp-json\/wp\/v2\/media\/7014"}],"wp:attachment":[{"href":"https:\/\/elasaro.com\/es\/wp-json\/wp\/v2\/media?parent=13295"}],"wp:term":[{"taxonomy":"product_cat","embeddable":true,"href":"https:\/\/elasaro.com\/es\/wp-json\/wp\/v2\/product_cat?post=13295"},{"taxonomy":"product_tag","embeddable":true,"href":"https:\/\/elasaro.com\/es\/wp-json\/wp\/v2\/product_tag?post=13295"}],"curies":[{"name":"wp","href":"https:\/\/api.w.org\/{rel}","templated":true}]}}