{"id":13353,"date":"2022-10-15T20:56:43","date_gmt":"2023-08-03T19:58:11","guid":{"rendered":"https:\/\/elasaro.com\/product\/misty-rose-collar-perlas-planas-redondas-cristales-circonita-plata-ley\/"},"modified":"2023-08-09T12:10:52","modified_gmt":"2023-08-09T12:10:52","slug":"misty-rose-collar-perlas-planas-redondas-cristales-circonita-plata-ley","status":"publish","type":"product","link":"https:\/\/elasaro.com\/es\/producto\/misty-rose-collar-perlas-planas-redondas-cristales-circonita-plata-ley\/","title":{"rendered":"Misty Rose Collar De Perlas Planas Redondas Con Cristales De Circonita Y Plata De Ley"},"content":{"rendered":"<p>Este collar colgante presenta una hermosa perla plana de color rosa niebla rodeada de brillantes cristales de circonita c\u00fabica. Es uno de nuestros favoritos. Pesa 5,54gr y tiene un femenino colgante de plata de ley de forma cuadrada (32mm). En el centro del colgante, hemos colocado una perla redonda y plana de 7~8&#215;6,5~7mm. La cadena de plata de ley mide 39cm y tiene 4cm adicionales ajustables. El robusto cierre de langosta har\u00e1 que el collar se mantenga firme en su sitio en todo momento.<\/p>\n<p>Este deslumbrante collar es ideal para la mayor\u00eda de las ocasiones y atraer\u00e1 todas las miradas en eventos elegantes. Ll\u00e9valo con un elegante vestido de noche o un bonito vestido de verano, un maquillaje ligero y un atractivo peinado minimalista.<\/p>\n<p>Las perlas son conocidas por sus excelentes propiedades, que infunden confianza en s\u00ed mismo y tranquilidad a quien las lleva. Son imprescindibles en cualquier joyero.<\/p>\n<p>No pierda la oportunidad de hacer su pedido hoy mismo y distinguirse de los dem\u00e1s con este collar \u00fanico. Tambi\u00e9n te sugerimos que completes el look con una pulsera, un anillo o unos pendientes a juego de nuestra impresionante colecci\u00f3n de joyas con perlas.<\/p>\n","protected":false},"excerpt":{"rendered":"<p>Este collar colgante presenta una hermosa perla plana de color rosa niebla rodeada de brillantes cristales de circonita c\u00fabica. Es uno de nuestros favoritos. Pesa 5,54gr y tiene un femenino colgante de plata de ley de forma cuadrada (32mm). En el centro del colgante, hemos colocado una perla redonda y plana de 7~8&#215;6,5~7mm. La cadena&#8230;<\/p>\n","protected":false},"featured_media":7253,"template":"","meta":{"rank_math_lock_modified_date":false},"product_cat":[106,256,232],"product_tag":[],"class_list":{"0":"post-13353","1":"product","2":"type-product","3":"status-publish","4":"has-post-thumbnail","6":"product_cat-collares-piedras-naturales","7":"product_cat-elasaro-favoritos","8":"product_cat-joyas-perlas","10":"first","11":"instock","12":"shipping-taxable","13":"purchasable","14":"product-type-variable","15":"has-default-attributes"},"_links":{"self":[{"href":"https:\/\/elasaro.com\/es\/wp-json\/wp\/v2\/product\/13353","targetHints":{"allow":["GET"]}}],"collection":[{"href":"https:\/\/elasaro.com\/es\/wp-json\/wp\/v2\/product"}],"about":[{"href":"https:\/\/elasaro.com\/es\/wp-json\/wp\/v2\/types\/product"}],"wp:featuredmedia":[{"embeddable":true,"href":"https:\/\/elasaro.com\/es\/wp-json\/wp\/v2\/media\/7253"}],"wp:attachment":[{"href":"https:\/\/elasaro.com\/es\/wp-json\/wp\/v2\/media?parent=13353"}],"wp:term":[{"taxonomy":"product_cat","embeddable":true,"href":"https:\/\/elasaro.com\/es\/wp-json\/wp\/v2\/product_cat?post=13353"},{"taxonomy":"product_tag","embeddable":true,"href":"https:\/\/elasaro.com\/es\/wp-json\/wp\/v2\/product_tag?post=13353"}],"curies":[{"name":"wp","href":"https:\/\/api.w.org\/{rel}","templated":true}]}}