{"id":8501,"date":"2023-02-02T20:31:17","date_gmt":"2023-02-21T07:09:33","guid":{"rendered":"https:\/\/elasaro.com\/product\/pulsera-cuentas-cristal-de-roca-craquelado-redondo-varios-tamanos-plata-ley\/"},"modified":"2023-08-09T09:52:43","modified_gmt":"2023-08-09T09:52:43","slug":"pulsera-cuentas-cristal-de-roca-craquelado-redondo-varios-tamanos-plata-ley","status":"publish","type":"product","link":"https:\/\/elasaro.com\/es\/producto\/pulsera-cuentas-cristal-de-roca-craquelado-redondo-varios-tamanos-plata-ley\/","title":{"rendered":"Pulsera De Cuentas De Cuarzo Crackle Electrochapado Redondo Claro (Tallas M\u00faltiples) Con Plata De Ley"},"content":{"rendered":"<p>Descripci\u00f3n pr\u00f3ximamente<\/p>\n","protected":false},"excerpt":{"rendered":"<p>Descripci\u00f3n pr\u00f3ximamente<\/p>\n","protected":false},"featured_media":6936,"template":"","meta":{"rank_math_lock_modified_date":false},"product_cat":[355,98],"product_tag":[],"class_list":{"0":"post-8501","1":"product","2":"type-product","3":"status-publish","4":"has-post-thumbnail","6":"product_cat-joyas-cristal-de-roca","7":"product_cat-pulsera-piedra-natural","9":"first","10":"instock","11":"shipping-taxable","12":"purchasable","13":"product-type-simple"},"_links":{"self":[{"href":"https:\/\/elasaro.com\/es\/wp-json\/wp\/v2\/product\/8501","targetHints":{"allow":["GET"]}}],"collection":[{"href":"https:\/\/elasaro.com\/es\/wp-json\/wp\/v2\/product"}],"about":[{"href":"https:\/\/elasaro.com\/es\/wp-json\/wp\/v2\/types\/product"}],"wp:featuredmedia":[{"embeddable":true,"href":"https:\/\/elasaro.com\/es\/wp-json\/wp\/v2\/media\/6936"}],"wp:attachment":[{"href":"https:\/\/elasaro.com\/es\/wp-json\/wp\/v2\/media?parent=8501"}],"wp:term":[{"taxonomy":"product_cat","embeddable":true,"href":"https:\/\/elasaro.com\/es\/wp-json\/wp\/v2\/product_cat?post=8501"},{"taxonomy":"product_tag","embeddable":true,"href":"https:\/\/elasaro.com\/es\/wp-json\/wp\/v2\/product_tag?post=8501"}],"curies":[{"name":"wp","href":"https:\/\/api.w.org\/{rel}","templated":true}]}}